{"id":7484,"date":"2023-02-14T10:13:41","date_gmt":"2023-02-14T09:13:41","guid":{"rendered":"https:\/\/malware.dev.sebascodes.net\/?post_type=product&#038;p=7484"},"modified":"2023-02-14T10:22:31","modified_gmt":"2023-02-14T09:22:31","slug":"presencial-liderazgo-experiencial-consciente-para-transformar-la-educacion","status":"publish","type":"product","link":"https:\/\/malware.dev.sebascodes.net\/?product=presencial-liderazgo-experiencial-consciente-para-transformar-la-educacion","title":{"rendered":"Presencial &#8211; Liderazgo Experiencial Consciente para transformar la educaci\u00f3n"},"content":{"rendered":"<p><strong>Integraci\u00f3n Presencial en Barcelona<\/strong><\/p>\n<p>Liderazgo Experiencial Consciente para transformar la educaci\u00f3n<br \/>\n\u2b55 Una formaci\u00f3n \u00fanica y exclusiva creada e impartida por Joan Corbal\u00e1n y Xavier Aragay<br \/>\nEl Programa en Liderazgo Experiencial Consciente para transformar la educaci\u00f3n va dirigido a:<br \/>\n\u2b55\ufe0f Personas que tengan responsabilidades directivas en instituciones educativas (directivos\/as, coordinadores\/as y responsables de equipos de instituciones educativas &#8230;)<br \/>\n\u2b55 Que deseen incorporar la mirada sist\u00e9mica y la metodolog\u00eda transformacional para seguir innovando y avanzando en el cambio.<\/p>\n<p>&nbsp;<\/p>\n","protected":false},"excerpt":{"rendered":"<p>\ud83d\udc49 <strong>Integraci\u00f3n Presencial en Barcelona<\/strong><\/p>\n<p>\ud83d\udc49 Formaci\u00f3n NO sujeta a IVA<\/p>\n<p>\u2b55\ufe0f Modalidad M\u00f3dulo Virtual B\u00e1sico + Integraci\u00f3n Presencial 1500\u20ac<br \/>\n<em>Promoci\u00f3n 50\u20ac de descuento.<\/em><\/p>\n<p>\ud83d\udc49 Rellenar los datos de Empresa para finalizar la compra: le llegar\u00e1 por email la factura de compra y pago (revisar spam)<\/p>\n<p>&nbsp;<\/p>\n","protected":false},"featured_media":7206,"template":"","meta":{"_et_pb_use_builder":"","_et_pb_old_content":"","_et_gb_content_width":"","_monsterinsights_skip_tracking":false,"_monsterinsights_sitenote_active":false,"_monsterinsights_sitenote_note":"","_monsterinsights_sitenote_category":0,"_joinchat":{"telephone":"+34656717957","message_send":"Liderazgo Experiencial Consciente"}},"product_brand":[],"product_cat":[93],"product_tag":[],"class_list":{"0":"post-7484","1":"product","2":"type-product","3":"status-publish","4":"has-post-thumbnail","6":"product_cat-liderazgo","8":"first","9":"instock","10":"virtual","11":"sold-individually","12":"taxable","13":"purchasable","14":"product-type-simple"},"aioseo_notices":[],"_links":{"self":[{"href":"https:\/\/malware.dev.sebascodes.net\/index.php?rest_route=\/wp\/v2\/product\/7484","targetHints":{"allow":["GET"]}}],"collection":[{"href":"https:\/\/malware.dev.sebascodes.net\/index.php?rest_route=\/wp\/v2\/product"}],"about":[{"href":"https:\/\/malware.dev.sebascodes.net\/index.php?rest_route=\/wp\/v2\/types\/product"}],"wp:featuredmedia":[{"embeddable":true,"href":"https:\/\/malware.dev.sebascodes.net\/index.php?rest_route=\/wp\/v2\/media\/7206"}],"wp:attachment":[{"href":"https:\/\/malware.dev.sebascodes.net\/index.php?rest_route=%2Fwp%2Fv2%2Fmedia&parent=7484"}],"wp:term":[{"taxonomy":"product_brand","embeddable":true,"href":"https:\/\/malware.dev.sebascodes.net\/index.php?rest_route=%2Fwp%2Fv2%2Fproduct_brand&post=7484"},{"taxonomy":"product_cat","embeddable":true,"href":"https:\/\/malware.dev.sebascodes.net\/index.php?rest_route=%2Fwp%2Fv2%2Fproduct_cat&post=7484"},{"taxonomy":"product_tag","embeddable":true,"href":"https:\/\/malware.dev.sebascodes.net\/index.php?rest_route=%2Fwp%2Fv2%2Fproduct_tag&post=7484"}],"curies":[{"name":"wp","href":"https:\/\/api.w.org\/{rel}","templated":true}]}}