{"id":6012,"date":"2022-07-13T19:18:17","date_gmt":"2022-07-13T17:18:17","guid":{"rendered":"https:\/\/malware.dev.sebascodes.net\/?post_type=product&#038;p=6012"},"modified":"2022-11-29T18:14:08","modified_gmt":"2022-11-29T17:14:08","slug":"herramientas-terapeuticas-para-nuevas-familias","status":"publish","type":"product","link":"https:\/\/malware.dev.sebascodes.net\/?product=herramientas-terapeuticas-para-nuevas-familias","title":{"rendered":"Herramientas Terap\u00e9uticas para Nuevas Familias"},"content":{"rendered":"<div class=\"et_pb_module et_pb_blurb et_pb_blurb_0 et_pb_text_align_left et_pb_blurb_position_top et_pb_bg_layout_light\">\n<div class=\"et_pb_blurb_content\">\n<div class=\"et_pb_blurb_container\">\n<h4 class=\"et_pb_module_header\">4 Sesiones pre-Grabadas con Joan Corbal\u00e1n (a tu ritmo)<\/h4>\n<div class=\"et_pb_blurb_description\">Descubre, trabaja y desarrolla las Claves Sist\u00e9micas a aplicar en los nuevos modelos de familia, en directo con Joan Corbal\u00e1n.<\/div>\n<\/div>\n<\/div>\n<\/div>\n<div class=\"et_pb_module et_pb_blurb et_pb_blurb_1 et_pb_text_align_left et_pb_blurb_position_top et_pb_bg_layout_light\">\n<div class=\"et_pb_blurb_content\">\n<div class=\"et_pb_main_blurb_image\"><span class=\"et_pb_image_wrap et_pb_only_image_mode_wrap\"><img loading=\"lazy\" decoding=\"async\" class=\"et-waypoint et_pb_animation_off et_pb_animation_off_tablet et_pb_animation_off_phone wp-image-5913 et-animated\" src=\"https:\/\/malware.dev.sebascodes.net\/wp-content\/uploads\/2022\/07\/interpreter-icon-18.png\" alt=\"\" width=\"80\" height=\"80\" \/><\/span><\/div>\n<div class=\"et_pb_blurb_container\">\n<h4 class=\"et_pb_module_header\">Herramientas para Terapeutas, Pedagogo, Coach, Padres, Docentes&#8230;<\/h4>\n<div class=\"et_pb_blurb_description\">Aplica las Herramientas clave, que permitan resolver, abrir y sanar procesos personales y terap\u00e9uticos con padres e hijos y familias.<\/div>\n<\/div>\n<\/div>\n<\/div>\n<div class=\"et_pb_module et_pb_blurb et_pb_blurb_2 et_pb_text_align_left et_pb_blurb_position_top et_pb_bg_layout_light\">\n<div class=\"et_pb_blurb_content\">\n<div class=\"et_pb_main_blurb_image\"><span class=\"et_pb_image_wrap et_pb_only_image_mode_wrap\"><img loading=\"lazy\" decoding=\"async\" class=\"et-waypoint et_pb_animation_off et_pb_animation_off_tablet et_pb_animation_off_phone wp-image-5914 et-animated\" src=\"https:\/\/malware.dev.sebascodes.net\/wp-content\/uploads\/2022\/07\/interpreter-icon-16.png\" alt=\"\" width=\"80\" height=\"80\" \/><\/span><\/div>\n<div class=\"et_pb_blurb_container\">\n<h4 class=\"et_pb_module_header\">M\u00e1s de 15 a\u00f1os de Experiencia<\/h4>\n<div class=\"et_pb_blurb_description\">\n<p>Joan Corbal\u00e1n es Formador Internacional. Autor del libro Familias Moderas: c\u00f3mo lograr un buen presente y futuro en ellas. Y ha realizado estos \u00faltimos a\u00f1os Formaciones en Estonia, Chile, Barcelona, Mallorca y Brasil.<\/p>\n<h2>+ 19 Casos pr\u00e1cticos de Nuevos Modelos de Familia<\/h2>\n<p>Nuevas Familias Familias de Fusi\u00f3n Familias Reconstituidas Familias de Acogida Adopci\u00f3n Monoparentalidad Parejas del mismo sexo In vitro Transferencia de Embriones Co-parentalidad Familias de colores, culturas y or\u00edgenes diferentes Parejas abiertas\u2026<\/p>\n<\/div>\n<\/div>\n<\/div>\n<\/div>\n","protected":false},"excerpt":{"rendered":"<div class=\"et_pb_row et_pb_row_13\">\n<div class=\"et_pb_column et_pb_column_1_2 et_pb_column_30 et_pb_css_mix_blend_mode_passthrough\">\n<div class=\"et_pb_module et_pb_text et_pb_text_9 et_pb_text_align_left et_pb_bg_layout_light\">\n<div class=\"et_pb_text_inner\">\n<h2>Promoci\u00f3n Especial Verano Bonus 50\u20ac de descuento<\/h2>\n<p>*para las primeras 15 inscripciones<\/p>\n<p>149\u20ac (199\u20ac)*<\/p>\n<\/div>\n<\/div>\n<\/div>\n<\/div>\n<h2>Formaci\u00f3n Intensiva Con Joan Corbal\u00e1n<\/h2>\n<ul>\n<li>Mi\u00e9rcoles, 14 de septiembre<\/li>\n<li>Mi\u00e9rcoles, 21 de septiembre<\/li>\n<li>Mi\u00e9rcoles, 28 de septiembre<\/li>\n<li>Mi\u00e9rcoles, 5 de octubrede 19h a 21h (Barcelona)<\/li>\n<\/ul>\n<p>*Si deciden pagar por transferencia bancaria:<\/p>\n<p>Para Realizar el Pago con transferencia LaCaixa<br \/>\n\ud83d\udcccCuenta: ES33 2100 3684 1922 0005 4309<\/p>\n<p>Enviar Justificante de pago a: +34 644 82 57 93 \/ secretaria@joancorbalan.com<\/p>\n","protected":false},"featured_media":6013,"template":"","meta":{"_et_pb_use_builder":"off","_et_pb_old_content":"<div class=\"et_pb_module et_pb_blurb et_pb_blurb_0 et_pb_text_align_left et_pb_blurb_position_top et_pb_bg_layout_light\">\r\n<div class=\"et_pb_blurb_content\">\r\n<div class=\"et_pb_blurb_container\">\r\n<h4 class=\"et_pb_module_header\">4 Sesiones pre-Grabadas con Joan Corbal\u00e1n (a tu ritmo)<\/h4>\r\n<div class=\"et_pb_blurb_description\">\r\n\r\nDescubre, trabaja y desarrolla las Claves Sist\u00e9micas a aplicar en los nuevos modelos de familia, en directo con Joan Corbal\u00e1n.\r\n\r\n<\/div>\r\n<\/div>\r\n<\/div>\r\n<\/div>\r\n<div class=\"et_pb_module et_pb_blurb et_pb_blurb_1 et_pb_text_align_left et_pb_blurb_position_top et_pb_bg_layout_light\">\r\n<div class=\"et_pb_blurb_content\">\r\n<div class=\"et_pb_main_blurb_image\"><span class=\"et_pb_image_wrap et_pb_only_image_mode_wrap\"><img class=\"et-waypoint et_pb_animation_off et_pb_animation_off_tablet et_pb_animation_off_phone wp-image-5913 et-animated\" src=\"https:\/\/malware.dev.sebascodes.net\/wp-content\/uploads\/2022\/07\/interpreter-icon-18.png\" alt=\"\" width=\"80\" height=\"80\" \/><\/span><\/div>\r\n<div class=\"et_pb_blurb_container\">\r\n<h4 class=\"et_pb_module_header\">Herramientas para Terapeutas, Pedagogo, Coach, Padres, Docentes...<\/h4>\r\n<div class=\"et_pb_blurb_description\">\r\n\r\nAplica las Herramientas clave, que permitan resolver, abrir y sanar procesos personales y terap\u00e9uticos con padres e hijos y familias.\r\n\r\n<\/div>\r\n<\/div>\r\n<\/div>\r\n<\/div>\r\n<div class=\"et_pb_module et_pb_blurb et_pb_blurb_2 et_pb_text_align_left et_pb_blurb_position_top et_pb_bg_layout_light\">\r\n<div class=\"et_pb_blurb_content\">\r\n<div class=\"et_pb_main_blurb_image\"><span class=\"et_pb_image_wrap et_pb_only_image_mode_wrap\"><img class=\"et-waypoint et_pb_animation_off et_pb_animation_off_tablet et_pb_animation_off_phone wp-image-5914 et-animated\" src=\"https:\/\/malware.dev.sebascodes.net\/wp-content\/uploads\/2022\/07\/interpreter-icon-16.png\" alt=\"\" width=\"80\" height=\"80\" \/><\/span><\/div>\r\n<div class=\"et_pb_blurb_container\">\r\n<h4 class=\"et_pb_module_header\">M\u00e1s de 15 a\u00f1os de Experiencia<\/h4>\r\n<div class=\"et_pb_blurb_description\">\r\n\r\nJoan Corbal\u00e1n es Formador Internacional. Autor del libro Familias Moderas: c\u00f3mo lograr un buen presente y futuro en ellas. Y ha realizado estos \u00faltimos a\u00f1os Formaciones en Estonia, Chile, Barcelona, Mallorca y Brasil.\r\n<h2>+ 19 Casos pr\u00e1cticos de Nuevos Modelos de Familia<\/h2>\r\nNuevas Familias\r\nFamilias de Fusi\u00f3n\r\nFamilias Reconstituidas\r\nFamilias de Acogida\r\nAdopci\u00f3n\r\nMonoparentalidad\r\nParejas del mismo sexo\r\nIn vitro\r\nTransferencia de Embriones\r\nCo-parentalidad\r\nFamilias de colores, culturas y or\u00edgenes diferentes\r\nParejas abiertas\u2026\r\n\r\n<\/div>\r\n<\/div>\r\n<\/div>\r\n<\/div>","_et_gb_content_width":"","_monsterinsights_skip_tracking":false,"_monsterinsights_sitenote_active":false,"_monsterinsights_sitenote_note":"","_monsterinsights_sitenote_category":0,"_joinchat":[]},"product_brand":[],"product_cat":[76],"product_tag":[],"class_list":{"0":"post-6012","1":"product","2":"type-product","3":"status-publish","4":"has-post-thumbnail","6":"product_cat-sin-categorizar","8":"first","9":"instock","10":"sale","11":"taxable","12":"shipping-taxable","13":"purchasable","14":"product-type-simple"},"aioseo_notices":[],"_links":{"self":[{"href":"https:\/\/malware.dev.sebascodes.net\/index.php?rest_route=\/wp\/v2\/product\/6012","targetHints":{"allow":["GET"]}}],"collection":[{"href":"https:\/\/malware.dev.sebascodes.net\/index.php?rest_route=\/wp\/v2\/product"}],"about":[{"href":"https:\/\/malware.dev.sebascodes.net\/index.php?rest_route=\/wp\/v2\/types\/product"}],"wp:featuredmedia":[{"embeddable":true,"href":"https:\/\/malware.dev.sebascodes.net\/index.php?rest_route=\/wp\/v2\/media\/6013"}],"wp:attachment":[{"href":"https:\/\/malware.dev.sebascodes.net\/index.php?rest_route=%2Fwp%2Fv2%2Fmedia&parent=6012"}],"wp:term":[{"taxonomy":"product_brand","embeddable":true,"href":"https:\/\/malware.dev.sebascodes.net\/index.php?rest_route=%2Fwp%2Fv2%2Fproduct_brand&post=6012"},{"taxonomy":"product_cat","embeddable":true,"href":"https:\/\/malware.dev.sebascodes.net\/index.php?rest_route=%2Fwp%2Fv2%2Fproduct_cat&post=6012"},{"taxonomy":"product_tag","embeddable":true,"href":"https:\/\/malware.dev.sebascodes.net\/index.php?rest_route=%2Fwp%2Fv2%2Fproduct_tag&post=6012"}],"curies":[{"name":"wp","href":"https:\/\/api.w.org\/{rel}","templated":true}]}}