{"id":4940,"date":"2022-05-02T09:47:50","date_gmt":"2022-05-02T07:47:50","guid":{"rendered":"https:\/\/malware.dev.sebascodes.net\/?post_type=product&#038;p=4940"},"modified":"2023-05-30T16:23:25","modified_gmt":"2023-05-30T14:23:25","slug":"vpd","status":"publish","type":"product","link":"https:\/\/malware.dev.sebascodes.net\/?product=vpd","title":{"rendered":"Vocaci\u00f3n Profesi\u00f3n y Dinero"},"content":{"rendered":"<h2><strong>Programa intensivo donde Descubrir y explorar Tu relaci\u00f3n con el Dinero, la Vocaci\u00f3n, la Profesi\u00f3n y el Talento.<\/strong><\/h2>\n<div class=\"wp-block-columns\">\n<div class=\"wp-block-column is-vertically-aligned-center\">\n<div class=\"wp-container-3 wp-block-group\">\n<div class=\"wp-block-group__inner-container\">\n<div class=\"wp-container-2 wp-block-group\">\n<div class=\"wp-block-group__inner-container\">\n<ul>\n<li><mark class=\"has-inline-color has-vivid-cyan-blue-color\">\u00bfQuieres Vivir de lo que te apasiona?<\/mark><\/li>\n<li><mark class=\"has-inline-color has-vivid-cyan-blue-color\">\u00bfTomar la abundancia y sanar tu relaci\u00f3n con el dinero?<\/mark><\/li>\n<li><mark class=\"has-inline-color has-vivid-cyan-blue-color\">\u00bfCambiar de Trabajo o tomarte un tiempo sab\u00e1tico?<\/mark><\/li>\n<li><mark class=\"has-inline-color has-vivid-cyan-blue-color\">\u00bfEncontrar tu vocaci\u00f3n?<\/mark><\/li>\n<li><mark class=\"has-inline-color has-vivid-cyan-blue-color\">\u00bfEncontrar el equilibro entre tu trabajo y tu vida personal?<\/mark><\/li>\n<\/ul>\n<\/div>\n<\/div>\n<\/div>\n<\/div>\n<\/div>\n<\/div>\n<p>Est\u00e1 pensado para ti que te encuentras en un momento de reinvenci\u00f3n personal\u00a0<strong>en tus aspectos, profesionales, vocacionales y de relaci\u00f3n con el dinero<\/strong>. Como te has manejado hasta ahora ya no te es suficiente, \u00fatil, satisfactorio.\u00a0<strong>Necesitas un nuevo v\u00ednculo<\/strong>\u00a0con estos elementos tan importantes de la vida.<\/p>\n<p><strong>\u201cSomos leales a las creencias y dificultades de los nuestros \u00bfC\u00f3mo encontrar descubrir y sanar mi dificultades sist\u00e9micas relacionadas con el trabajo, vocaci\u00f3n y dinero?\u201d<\/strong><\/p>\n<p><strong><em>\u00bfC\u00f3mo explorar todos esos aspectos y les darles un nuevo impulso?\u00a0<\/em><\/strong><\/p>\n","protected":false},"excerpt":{"rendered":"<h3>Reserva de Plaza Vocaci\u00f3n Profesi\u00f3n y Dinero<\/h3>\n<ul>\n<li><strong><u>Inversi\u00f3n Grupo Online<\/u><\/strong>\n<ul>\n<li><strong>1\u00baPromoci\u00f3n hasta el 15 de Junio 299\u20ac<\/strong><\/li>\n<li><strong>Reserva de plaza: 150\u20ac + 149\u20ac <\/strong><\/li>\n<li><strong>2\u00baPromoci\u00f3n despu\u00e9s del 15 de Junio 399\u20ac<\/strong><\/li>\n<li><strong>Reserva de plaza: 150\u20ac + 249\u20ac <\/strong><\/li>\n<\/ul>\n<p><strong><u>Inversi\u00f3n Grupo Presencial<\/u><\/strong><\/p>\n<ul>\n<li><strong>1\u00baPromoci\u00f3n hasta el 15 de Junio 450\u20ac<\/strong><\/li>\n<li><strong>Reserva de plaza: 150\u20ac + 299\u20ac <\/strong><\/li>\n<li><strong>2\u00baPromoci\u00f3n despu\u00e9s del 15 de Junio 550\u20ac<\/strong><\/li>\n<li><strong>Reserva de plaza: 150\u20ac + 400\u20ac ( 2 pagos de 200\u20ac) <\/strong><\/li>\n<\/ul>\n<\/li>\n<\/ul>\n","protected":false},"featured_media":4945,"template":"","meta":{"_et_pb_use_builder":"","_et_pb_old_content":"","_et_gb_content_width":"","_monsterinsights_skip_tracking":false,"_monsterinsights_sitenote_active":false,"_monsterinsights_sitenote_note":"","_monsterinsights_sitenote_category":0,"_joinchat":{"telephone":"+34656717957"}},"product_brand":[],"product_cat":[84],"product_tag":[],"class_list":{"0":"post-4940","1":"product","2":"type-product","3":"status-publish","4":"has-post-thumbnail","6":"product_cat-vocacion-profesion-y-dinero","8":"first","9":"instock","10":"taxable","11":"shipping-taxable","12":"purchasable","13":"product-type-simple"},"aioseo_notices":[],"_links":{"self":[{"href":"https:\/\/malware.dev.sebascodes.net\/index.php?rest_route=\/wp\/v2\/product\/4940","targetHints":{"allow":["GET"]}}],"collection":[{"href":"https:\/\/malware.dev.sebascodes.net\/index.php?rest_route=\/wp\/v2\/product"}],"about":[{"href":"https:\/\/malware.dev.sebascodes.net\/index.php?rest_route=\/wp\/v2\/types\/product"}],"wp:featuredmedia":[{"embeddable":true,"href":"https:\/\/malware.dev.sebascodes.net\/index.php?rest_route=\/wp\/v2\/media\/4945"}],"wp:attachment":[{"href":"https:\/\/malware.dev.sebascodes.net\/index.php?rest_route=%2Fwp%2Fv2%2Fmedia&parent=4940"}],"wp:term":[{"taxonomy":"product_brand","embeddable":true,"href":"https:\/\/malware.dev.sebascodes.net\/index.php?rest_route=%2Fwp%2Fv2%2Fproduct_brand&post=4940"},{"taxonomy":"product_cat","embeddable":true,"href":"https:\/\/malware.dev.sebascodes.net\/index.php?rest_route=%2Fwp%2Fv2%2Fproduct_cat&post=4940"},{"taxonomy":"product_tag","embeddable":true,"href":"https:\/\/malware.dev.sebascodes.net\/index.php?rest_route=%2Fwp%2Fv2%2Fproduct_tag&post=4940"}],"curies":[{"name":"wp","href":"https:\/\/api.w.org\/{rel}","templated":true}]}}