{"id":4868,"date":"2022-04-15T09:39:31","date_gmt":"2022-04-15T07:39:31","guid":{"rendered":"https:\/\/malware.dev.sebascodes.net\/?post_type=product&#038;p=4868"},"modified":"2022-10-05T19:41:32","modified_gmt":"2022-10-05T17:41:32","slug":"taller-de-constelaciones-profesional","status":"publish","type":"product","link":"https:\/\/malware.dev.sebascodes.net\/?product=taller-de-constelaciones-profesional","title":{"rendered":"Constelaci\u00f3n [Profesional]"},"content":{"rendered":"<div class=\"et_pb_column et_pb_column_1_2 et_pb_column_0 et_pb_css_mix_blend_mode_passthrough\">\n<div class=\"et_pb_module et_pb_text et_pb_text_0 et_pb_text_align_left et_pb_bg_layout_light\">\n<div class=\"et_pb_text_inner\">\n<blockquote>\n<h4 class=\"fusion-responsive-typography-calculated\" data-fontsize=\"28\" data-lineheight=\"38.08px\">Informaci\u00f3n y Condiciones<\/h4>\n<ul>\n<li>Taller de un d\u00eda, sin continuidad formativa.<\/li>\n<li>Se puede asistir a cualquier taller de forma independiente.<\/li>\n<li>Frecuencia: quincenal o mensual.<\/li>\n<li>Se recomienda ponerse en contacto con nuestra \u00c1rea de secretaria:\u00a0<a href=\"tel:+34 644 82 57 93\" target=\"_blank\" rel=\"noopener\">(+34) 644 82 57 93<\/a>.<\/li>\n<li>La reserva para constelar se puede realizar presencialmente o online.<\/li>\n<li><strong>Se validar\u00e1 que quedan plazas disponibles para constelar y se reservar\u00e1n por fecha de demanda.<\/strong><\/li>\n<li>El constelador determina finalmente si se realizar\u00e1 o no la configuraci\u00f3n, seg\u00fan considere en el trabajo.<\/li>\n<\/ul>\n<ul>\n<li><strong>Detalles completos del taller y condiciones\u00a0<\/strong><a href=\"https:\/\/joancorbalan.com\/wp-content\/uploads\/2021\/10\/taller_Constelaciones_JoanCorbalan.pdf\" target=\"_blank\" rel=\"noopener\">Leer PDF<\/a><\/li>\n<\/ul>\n<h4 class=\"fusion-responsive-typography-calculated\" data-fontsize=\"28\" data-lineheight=\"38.08px\">Precios<\/h4>\n<ul>\n<li><strong>Precio asistencia c\u00f3mo Representante: 50\u20ac.<\/strong>\u00a0(los representantes, no realizan\/trabajan una constelaci\u00f3n propia).<\/li>\n<\/ul>\n<ul>\n<li>Excepciones a dicho caso:\n<ul>\n<li>A determinar por la \u00e1rea de secretaria.<\/li>\n<li>Si se les ha invitado a asistir de manera gratuita al taller. (por medio de una promoci\u00f3n o sorteo).<\/li>\n<li>Si se ha realizado cualquier tipo de formaci\u00f3n con Joan, la asistencia al taller como representante ser\u00e1 siempre gratuita.<\/li>\n<\/ul>\n<\/li>\n<\/ul>\n<ul>\n<li><strong>Precios asistencia para realizar una Constelaci\u00f3n<\/strong>\u00a0(se realiza un trabajo propio).<\/li>\n<\/ul>\n<ul>\n<li>Reservas<\/li>\n<\/ul>\n<ul>\n<li>Para realizar la reserva. Contactar con secretar\u00eda\u00a0<a href=\"tel:+34 644 82 57 93\" target=\"_blank\" rel=\"noopener\">644 82 57 93<\/a><strong>\u00a0<\/strong><a href=\"mailto:secretaria@joancorbalan.com\">secretaria@joancorbalan.com<\/a><\/li>\n<\/ul>\n<h4 class=\"fusion-responsive-typography-calculated\" data-fontsize=\"28\" data-lineheight=\"38.08px\">Lugar<\/h4>\n<ul>\n<li>Barcelona: carrer Sardenya 229 piso 2.3. Crisol sala Oberta.<\/li>\n<\/ul>\n<\/blockquote>\n<\/div>\n<\/div>\n<\/div>\n<div class=\"et_pb_column et_pb_column_1_2 et_pb_column_1 et_pb_css_mix_blend_mode_passthrough et-last-child\">\n<div class=\"et_pb_module et_pb_text et_pb_text_1 et_pb_text_align_left et_pb_bg_layout_light\">\n<div class=\"et_pb_text_inner\">\n<div class=\"textwidget\">\n<div class=\"textwidget\"><\/div>\n<\/div>\n<\/div>\n<\/div>\n<\/div>\n","protected":false},"excerpt":{"rendered":"<blockquote>\n<div class=\"fusion-text fusion-text-1\">\n<p>Las Constelaciones son un m\u00e9todo de trabajo que pretende lograr, en un tiempo muy breve, comprensiones e im\u00e1genes muy claras acerca de las din\u00e1micas e implicaciones ocultas o inconscientes que act\u00faan en nuestras relaciones y que nos mantienen en un ciclo continuo de repetici\u00f3n de problemas ya sean a nivel personal o profesional.<\/p>\n<ul>\n<li><strong>Asuntos personales: de pareja, de hijos, de maternidad o paternidad, familiares.<\/strong><\/li>\n<li><strong>Asuntos profesionales o vocacionales: emprendedores, aut\u00f3nomos, proyectos de trabajo<\/strong>.<\/li>\n<li><strong>Asuntos Empresariales y Organizacionales: din\u00e1micas, directivos, estrat\u00e9gicas, cambio generacional.<\/strong><\/li>\n<\/ul>\n<\/div>\n<div class=\"fusion-text fusion-text-2\">\n<p>Te ofrecemos un espacio de trabajo personalizado.<\/p>\n<p>Pr\u00f3ximas Fechas disponibles:\u00a0 enviar un WhatsApp a nuestra \u00e1rea de secretaria:<a href=\"tel:+34 644 82 57 93\" target=\"_blank\" rel=\"noopener\">\u00a0(+34) 644 82 57 93<\/a><\/p>\n<\/div>\n<\/blockquote>\n","protected":false},"featured_media":4941,"template":"","meta":{"_et_pb_use_builder":"","_et_pb_old_content":"","_et_gb_content_width":"","_monsterinsights_skip_tracking":false,"_monsterinsights_sitenote_active":false,"_monsterinsights_sitenote_note":"","_monsterinsights_sitenote_category":0,"_joinchat":[]},"product_brand":[],"product_cat":[76],"product_tag":[],"class_list":{"0":"post-4868","1":"product","2":"type-product","3":"status-publish","4":"has-post-thumbnail","6":"product_cat-sin-categorizar","8":"first","9":"instock","10":"taxable","11":"shipping-taxable","12":"purchasable","13":"product-type-simple"},"aioseo_notices":[],"_links":{"self":[{"href":"https:\/\/malware.dev.sebascodes.net\/index.php?rest_route=\/wp\/v2\/product\/4868","targetHints":{"allow":["GET"]}}],"collection":[{"href":"https:\/\/malware.dev.sebascodes.net\/index.php?rest_route=\/wp\/v2\/product"}],"about":[{"href":"https:\/\/malware.dev.sebascodes.net\/index.php?rest_route=\/wp\/v2\/types\/product"}],"wp:featuredmedia":[{"embeddable":true,"href":"https:\/\/malware.dev.sebascodes.net\/index.php?rest_route=\/wp\/v2\/media\/4941"}],"wp:attachment":[{"href":"https:\/\/malware.dev.sebascodes.net\/index.php?rest_route=%2Fwp%2Fv2%2Fmedia&parent=4868"}],"wp:term":[{"taxonomy":"product_brand","embeddable":true,"href":"https:\/\/malware.dev.sebascodes.net\/index.php?rest_route=%2Fwp%2Fv2%2Fproduct_brand&post=4868"},{"taxonomy":"product_cat","embeddable":true,"href":"https:\/\/malware.dev.sebascodes.net\/index.php?rest_route=%2Fwp%2Fv2%2Fproduct_cat&post=4868"},{"taxonomy":"product_tag","embeddable":true,"href":"https:\/\/malware.dev.sebascodes.net\/index.php?rest_route=%2Fwp%2Fv2%2Fproduct_tag&post=4868"}],"curies":[{"name":"wp","href":"https:\/\/api.w.org\/{rel}","templated":true}]}}