{"id":4854,"date":"2022-04-13T20:27:16","date_gmt":"2022-04-13T18:27:16","guid":{"rendered":"https:\/\/malware.dev.sebascodes.net\/?post_type=product&#038;p=4854"},"modified":"2025-01-10T11:42:11","modified_gmt":"2025-01-10T10:42:11","slug":"1osesion-individual-con-joan-corbalan","status":"publish","type":"product","link":"https:\/\/malware.dev.sebascodes.net\/?product=1osesion-individual-con-joan-corbalan","title":{"rendered":"1\u00baSesi\u00f3n Individual con Joan Corbal\u00e1n"},"content":{"rendered":"<div class=\"et_pb_column et_pb_column_1_2 et_pb_column_0 et_pb_css_mix_blend_mode_passthrough\">\n<div class=\"et_pb_module et_pb_text et_pb_text_0 et_pb_text_align_left et_pb_bg_layout_light\">\n<div class=\"et_pb_text_inner\">\n<blockquote><p><strong>\u00c1REA PERSONAL Y FAMIILIAR<\/strong><\/p><\/blockquote>\n<div class=\"textwidget\">\n<div class=\"textwidget\">\n<ul>\n<li>Terapia y Consultor\u00eda Personal Individualizada<\/li>\n<li>Terapia y resoluci\u00f3n de conflictos en Pareja, hijos, familias.<\/li>\n<li>Desarrollo personal y asuntos familiares.<\/li>\n<li>Mediaci\u00f3n sist\u00e9mica en procesos de conflicto y separaci\u00f3n.<\/li>\n<li>Nuevas familias: adopci\u00f3n, \u201cin-vitro\u201d, mono parentalidad\u2026<\/li>\n<li>Procesos de transformaci\u00f3n Vocacional Profesional.<\/li>\n<li>Conflictos y asuntos econ\u00f3micos no resueltos.<\/li>\n<\/ul>\n<\/div>\n<\/div>\n<\/div>\n<\/div>\n<\/div>\n<div class=\"et_pb_column et_pb_column_1_2 et_pb_column_1 et_pb_css_mix_blend_mode_passthrough et-last-child\">\n<div class=\"et_pb_module et_pb_text et_pb_text_1 et_pb_text_align_left et_pb_bg_layout_light\">\n<div class=\"et_pb_text_inner\">\n<div class=\"textwidget\">\n<div class=\"textwidget\"><\/div>\n<\/div>\n<\/div>\n<\/div>\n<\/div>\n","protected":false},"excerpt":{"rendered":"<blockquote><p><strong>PUNTOS IMPORTANTES<\/strong><\/p><\/blockquote>\n<div class=\"textwidget\">\n<div class=\"textwidget\">\n<ul>\n<li>Duraci\u00f3n de la Sesi\u00f3n: 1hora.<\/li>\n<li>Sesiones Online en directo.<\/li>\n<li>Sesiones Presenciales en Barcelona.<\/li>\n<li>Coste: 1\u00baSesi\u00f3n 125\u20ac \/ resto 100\u20ac (IVA A PARTE)<\/li>\n<li>En una sesi\u00f3n pueden estar presentes las personas que el cliente necesite (1,2,3..) sin variar el coste.<\/li>\n<li>Agenda programada con 5 semanas de antelaci\u00f3n.<\/li>\n<li>Para casos con prioridad alta o urgencia: avisad a nuestra \u00e1rea de secretaria.<\/li>\n<\/ul>\n<\/div>\n<\/div>\n","protected":false},"featured_media":4943,"template":"","meta":{"_et_pb_use_builder":"","_et_pb_old_content":"","_et_gb_content_width":"","_monsterinsights_skip_tracking":false,"_monsterinsights_sitenote_active":false,"_monsterinsights_sitenote_note":"","_monsterinsights_sitenote_category":0,"_joinchat":[]},"product_brand":[],"product_cat":[87],"product_tag":[],"class_list":{"0":"post-4854","1":"product","2":"type-product","3":"status-publish","4":"has-post-thumbnail","6":"product_cat-sesion-individual","8":"first","9":"instock","10":"taxable","11":"shipping-taxable","12":"purchasable","13":"product-type-simple"},"aioseo_notices":[],"_links":{"self":[{"href":"https:\/\/malware.dev.sebascodes.net\/index.php?rest_route=\/wp\/v2\/product\/4854","targetHints":{"allow":["GET"]}}],"collection":[{"href":"https:\/\/malware.dev.sebascodes.net\/index.php?rest_route=\/wp\/v2\/product"}],"about":[{"href":"https:\/\/malware.dev.sebascodes.net\/index.php?rest_route=\/wp\/v2\/types\/product"}],"wp:featuredmedia":[{"embeddable":true,"href":"https:\/\/malware.dev.sebascodes.net\/index.php?rest_route=\/wp\/v2\/media\/4943"}],"wp:attachment":[{"href":"https:\/\/malware.dev.sebascodes.net\/index.php?rest_route=%2Fwp%2Fv2%2Fmedia&parent=4854"}],"wp:term":[{"taxonomy":"product_brand","embeddable":true,"href":"https:\/\/malware.dev.sebascodes.net\/index.php?rest_route=%2Fwp%2Fv2%2Fproduct_brand&post=4854"},{"taxonomy":"product_cat","embeddable":true,"href":"https:\/\/malware.dev.sebascodes.net\/index.php?rest_route=%2Fwp%2Fv2%2Fproduct_cat&post=4854"},{"taxonomy":"product_tag","embeddable":true,"href":"https:\/\/malware.dev.sebascodes.net\/index.php?rest_route=%2Fwp%2Fv2%2Fproduct_tag&post=4854"}],"curies":[{"name":"wp","href":"https:\/\/api.w.org\/{rel}","templated":true}]}}