{"id":15998,"date":"2025-07-29T13:51:51","date_gmt":"2025-07-29T11:51:51","guid":{"rendered":"https:\/\/malware.dev.sebascodes.net\/?post_type=product&#038;p=15998"},"modified":"2025-10-07T15:09:06","modified_gmt":"2025-10-07T13:09:06","slug":"pareja-2","status":"publish","type":"product","link":"https:\/\/malware.dev.sebascodes.net\/?product=pareja-2","title":{"rendered":"Pareja Sist\u00e9mica"},"content":{"rendered":"<h2>Intensivo de Pareja sist\u00e9mica con Joan Corbal\u00e1n<\/h2>\n","protected":false},"excerpt":{"rendered":"<p>Intensivo de Trabajo Pareja sist\u00e9mica. Para Parejas o Singles.<\/p>\n","protected":false},"featured_media":8642,"template":"","meta":{"_et_pb_use_builder":"","_et_pb_old_content":"","_et_gb_content_width":"","_monsterinsights_skip_tracking":false,"_monsterinsights_sitenote_active":false,"_monsterinsights_sitenote_note":"","_monsterinsights_sitenote_category":0,"_joinchat":[]},"product_brand":[],"product_cat":[76],"product_tag":[],"class_list":{"0":"post-15998","1":"product","2":"type-product","3":"status-publish","4":"has-post-thumbnail","6":"product_cat-sin-categorizar","8":"first","9":"instock","10":"sale","11":"taxable","12":"shipping-taxable","13":"purchasable","14":"product-type-simple"},"aioseo_notices":[],"_links":{"self":[{"href":"https:\/\/malware.dev.sebascodes.net\/index.php?rest_route=\/wp\/v2\/product\/15998","targetHints":{"allow":["GET"]}}],"collection":[{"href":"https:\/\/malware.dev.sebascodes.net\/index.php?rest_route=\/wp\/v2\/product"}],"about":[{"href":"https:\/\/malware.dev.sebascodes.net\/index.php?rest_route=\/wp\/v2\/types\/product"}],"wp:featuredmedia":[{"embeddable":true,"href":"https:\/\/malware.dev.sebascodes.net\/index.php?rest_route=\/wp\/v2\/media\/8642"}],"wp:attachment":[{"href":"https:\/\/malware.dev.sebascodes.net\/index.php?rest_route=%2Fwp%2Fv2%2Fmedia&parent=15998"}],"wp:term":[{"taxonomy":"product_brand","embeddable":true,"href":"https:\/\/malware.dev.sebascodes.net\/index.php?rest_route=%2Fwp%2Fv2%2Fproduct_brand&post=15998"},{"taxonomy":"product_cat","embeddable":true,"href":"https:\/\/malware.dev.sebascodes.net\/index.php?rest_route=%2Fwp%2Fv2%2Fproduct_cat&post=15998"},{"taxonomy":"product_tag","embeddable":true,"href":"https:\/\/malware.dev.sebascodes.net\/index.php?rest_route=%2Fwp%2Fv2%2Fproduct_tag&post=15998"}],"curies":[{"name":"wp","href":"https:\/\/api.w.org\/{rel}","templated":true}]}}