{"id":14831,"date":"2025-01-27T12:42:49","date_gmt":"2025-01-27T11:42:49","guid":{"rendered":"https:\/\/malware.dev.sebascodes.net\/?post_type=product&#038;p=14831"},"modified":"2025-01-27T12:42:49","modified_gmt":"2025-01-27T11:42:49","slug":"cos2","status":"publish","type":"product","link":"https:\/\/malware.dev.sebascodes.net\/?product=cos2","title":{"rendered":"Formaci\u00f3n Constelaciones Organizacionales y Coaching Sist\u00e9mico"},"content":{"rendered":"<p><strong>Pago de Cuota Mensual \/ Alumnos<\/strong><\/p>\n<p><strong><img decoding=\"async\" class=\"emoji\" role=\"img\" draggable=\"false\" src=\"https:\/\/s.w.org\/images\/core\/emoji\/14.0.0\/svg\/27a1.svg\" alt=\"\u27a1\ufe0f\" \/>CLAVES QUE HACEN QUE NUESTRA FORMACI\u00d3N SEA \u00daNICA<\/strong><\/p>\n<ul>\n<li><img decoding=\"async\" class=\"emoji\" role=\"img\" draggable=\"false\" src=\"https:\/\/s.w.org\/images\/core\/emoji\/14.0.0\/svg\/23fa.svg\" alt=\"\u23fa\" \/>\u00a0 Formaci\u00f3n Internacional con m\u00e1s de 10 a\u00f1os de experiencia formativa.<\/li>\n<li><img decoding=\"async\" class=\"emoji\" role=\"img\" draggable=\"false\" src=\"https:\/\/s.w.org\/images\/core\/emoji\/14.0.0\/svg\/23fa.svg\" alt=\"\u23fa\" \/>\u00a0 +100horas formativas con una estructura te\u00f3rico-pr\u00e1ctica.<\/li>\n<li><img decoding=\"async\" class=\"emoji\" role=\"img\" draggable=\"false\" src=\"https:\/\/s.w.org\/images\/core\/emoji\/14.0.0\/svg\/23fa.svg\" alt=\"\u23fa\" \/>\u00a0 Las tres herramientas formativas clave para trabajar con Organizaciones:\n<ul>\n<li>Formaci\u00f3n como consultor sist\u00e9mico Organizacional.<\/li>\n<li>Formaci\u00f3n como Coach Sist\u00e9mico.<\/li>\n<li>Formaci\u00f3n como Constelador Organizacional.<\/li>\n<\/ul>\n<\/li>\n<li><img decoding=\"async\" class=\"emoji\" role=\"img\" draggable=\"false\" src=\"https:\/\/s.w.org\/images\/core\/emoji\/14.0.0\/svg\/23fa.svg\" alt=\"\u23fa\" \/>\u00a0 Descubre y aprende todas las din\u00e1micas ocultas dentro de las Organizaciones.<\/li>\n<li><img decoding=\"async\" class=\"emoji\" role=\"img\" draggable=\"false\" src=\"https:\/\/s.w.org\/images\/core\/emoji\/14.0.0\/svg\/23fa.svg\" alt=\"\u23fa\" \/>\u00a0 Atiende asuntos relacionados con la vocaci\u00f3n y temas profesionales y laborales.<\/li>\n<li><img decoding=\"async\" class=\"emoji\" role=\"img\" draggable=\"false\" src=\"https:\/\/s.w.org\/images\/core\/emoji\/14.0.0\/svg\/23fa.svg\" alt=\"\u23fa\" \/>\u00a0 Sesiones de pr\u00e1cticas y asesoramiento en casos reales de trabajo.<\/li>\n<li><img decoding=\"async\" class=\"emoji\" role=\"img\" draggable=\"false\" src=\"https:\/\/s.w.org\/images\/core\/emoji\/14.0.0\/svg\/23fa.svg\" alt=\"\u23fa\" \/>\u00a0 *Asistencia a los talleres de Constelaciones de Empresa y Organizaciones.<\/li>\n<li><img decoding=\"async\" class=\"emoji\" role=\"img\" draggable=\"false\" src=\"https:\/\/s.w.org\/images\/core\/emoji\/14.0.0\/svg\/23fa.svg\" alt=\"\u23fa\" \/>\u00a0 *Asistencia a jornadas de trabajo exclusivas con directivos y equipo de trabajo.<\/li>\n<li><img decoding=\"async\" class=\"emoji\" role=\"img\" draggable=\"false\" src=\"https:\/\/s.w.org\/images\/core\/emoji\/14.0.0\/svg\/23fa.svg\" alt=\"\u23fa\" \/>\u00a0 Observaci\u00f3n de casos reales donde aplicar el desarrollo y metodolog\u00eda aprendidos.<\/li>\n<li><img decoding=\"async\" class=\"emoji\" role=\"img\" draggable=\"false\" src=\"https:\/\/s.w.org\/images\/core\/emoji\/14.0.0\/svg\/23fa.svg\" alt=\"\u23fa\" \/>\u00a0 Continuidad Formativa.\n<ul>\n<li>Hilo de continuidad formativa. M\u00e1s del 90% de la formaci\u00f3n impartida por Joan Corbal\u00e1n.<\/li>\n<li>*Participar como observadores en talleres y jornadas a\u00fan despu\u00e9s de finalizar la formaci\u00f3n.<\/li>\n<\/ul>\n<\/li>\n<\/ul>\n","protected":false},"excerpt":{"rendered":"<p>12 cuotas de 167\u20ac<\/p>\n<blockquote class=\"wp-block-quote\"><p>&nbsp;<\/p><\/blockquote>\n","protected":false},"featured_media":6049,"template":"","meta":{"_et_pb_use_builder":"","_et_pb_old_content":"","_et_gb_content_width":"","_monsterinsights_skip_tracking":false,"_monsterinsights_sitenote_active":false,"_monsterinsights_sitenote_note":"","_monsterinsights_sitenote_category":0,"_joinchat":[]},"product_brand":[],"product_cat":[76],"product_tag":[],"class_list":{"0":"post-14831","1":"product","2":"type-product","3":"status-publish","4":"has-post-thumbnail","6":"product_cat-sin-categorizar","8":"first","9":"instock","10":"purchasable","11":"product-type-simple"},"aioseo_notices":[],"_links":{"self":[{"href":"https:\/\/malware.dev.sebascodes.net\/index.php?rest_route=\/wp\/v2\/product\/14831","targetHints":{"allow":["GET"]}}],"collection":[{"href":"https:\/\/malware.dev.sebascodes.net\/index.php?rest_route=\/wp\/v2\/product"}],"about":[{"href":"https:\/\/malware.dev.sebascodes.net\/index.php?rest_route=\/wp\/v2\/types\/product"}],"wp:featuredmedia":[{"embeddable":true,"href":"https:\/\/malware.dev.sebascodes.net\/index.php?rest_route=\/wp\/v2\/media\/6049"}],"wp:attachment":[{"href":"https:\/\/malware.dev.sebascodes.net\/index.php?rest_route=%2Fwp%2Fv2%2Fmedia&parent=14831"}],"wp:term":[{"taxonomy":"product_brand","embeddable":true,"href":"https:\/\/malware.dev.sebascodes.net\/index.php?rest_route=%2Fwp%2Fv2%2Fproduct_brand&post=14831"},{"taxonomy":"product_cat","embeddable":true,"href":"https:\/\/malware.dev.sebascodes.net\/index.php?rest_route=%2Fwp%2Fv2%2Fproduct_cat&post=14831"},{"taxonomy":"product_tag","embeddable":true,"href":"https:\/\/malware.dev.sebascodes.net\/index.php?rest_route=%2Fwp%2Fv2%2Fproduct_tag&post=14831"}],"curies":[{"name":"wp","href":"https:\/\/api.w.org\/{rel}","templated":true}]}}