{"id":6942,"date":"2022-12-13T14:38:27","date_gmt":"2022-12-13T13:38:27","guid":{"rendered":"https:\/\/malware.dev.sebascodes.net\/?page_id=6942"},"modified":"2024-03-22T17:48:59","modified_gmt":"2024-03-22T16:48:59","slug":"plataforma","status":"publish","type":"page","link":"https:\/\/malware.dev.sebascodes.net\/?page_id=6942","title":{"rendered":"Acceso a la Plataforma"},"content":{"rendered":"<p>[et_pb_section fb_built=\u00bb1&#8243; _builder_version=\u00bb4.19.2&#8243; _module_preset=\u00bbdefault\u00bb global_colors_info=\u00bb{}\u00bb][et_pb_row _builder_version=\u00bb4.19.2&#8243; _module_preset=\u00bbdefault\u00bb global_colors_info=\u00bb{}\u00bb][et_pb_column type=\u00bb4_4&#8243; _builder_version=\u00bb4.19.2&#8243; _module_preset=\u00bbdefault\u00bb global_colors_info=\u00bb{}\u00bb][et_pb_text _builder_version=\u00bb4.24.2&#8243; _module_preset=\u00bbdefault\u00bb hover_enabled=\u00bb0&#8243; global_colors_info=\u00bb{}\u00bb sticky_enabled=\u00bb0&#8243;]<\/p>\n<p><span class=\"fe5nidar khvhiq1o r5qsrrlp i5tg98hk f9ovudaz przvwfww gx1rr48f gfz4du6o r7fjleex nz2484kf svot0ezm dcnh1tix sxl192xd t3g6t33p\"><span class=\"mpj7bzys xzlurrtv\"><img decoding=\"async\" draggable=\"false\" role=\"img\" class=\"emoji\" alt=\"\u2b55\" src=\"https:\/\/s.w.org\/images\/core\/emoji\/14.0.0\/svg\/2b55.svg\" \/><\/span><\/span><span class=\"fe5nidar khvhiq1o r5qsrrlp i5tg98hk f9ovudaz przvwfww gx1rr48f gfz4du6o r7fjleex nz2484kf svot0ezm dcnh1tix sxl192xd t3g6t33p\"><span class=\"mpj7bzys xzlurrtv\">\ufe0f<\/span><\/span><strong><span class=\"selectable-text copyable-text\"> Acceso a la Plataforma<\/span><\/strong><\/p>\n<p><span class=\"fe5nidar khvhiq1o r5qsrrlp i5tg98hk f9ovudaz przvwfww gx1rr48f gfz4du6o r7fjleex nz2484kf svot0ezm dcnh1tix sxl192xd t3g6t33p\"><span class=\"mpj7bzys xzlurrtv\"><img decoding=\"async\" draggable=\"false\" role=\"img\" class=\"emoji\" alt=\"\u2757\" src=\"https:\/\/s.w.org\/images\/core\/emoji\/14.0.0\/svg\/2757.svg\" \/>\ufe0f Por<\/span><\/span><span class=\"selectable-text copyable-text\">\u00a0favor, revisa que has realizado todos estos pasos Antes de contactar con nuestro servicio de atenci\u00f3n al alumno.<\/span><\/p>\n<p><span class=\"selectable-text copyable-text\"><\/span><\/p>\n<div><\/div>\n<div><img decoding=\"async\" draggable=\"false\" role=\"img\" class=\"emoji\" alt=\"\u2b55\" src=\"https:\/\/s.w.org\/images\/core\/emoji\/14.0.0\/svg\/2b55.svg\" \/><strong> Contacto de Ayuda: Atenci\u00f3n Alumnos Inscritos WhatsApp [respuesta en 12 horas]<\/strong><\/div>\n<div><strong>\u00a0 \u00a0\u00a0<\/strong><\/div>\n<div><a href=\"https:\/\/api.whatsapp.com\/send?phone=+54 9 11 3563-6206\"><img loading=\"lazy\" decoding=\"async\" src=\"https:\/\/malware.dev.sebascodes.net\/wp-content\/uploads\/2021\/08\/WhatsApp-logo-1024x576.jpg\" alt=\"\" class=\"wp-image-2846\" width=\"90\" height=\"51\" srcset=\"https:\/\/malware.dev.sebascodes.net\/wp-content\/uploads\/2021\/08\/WhatsApp-logo-1024x576.jpg 1024w, https:\/\/malware.dev.sebascodes.net\/wp-content\/uploads\/2021\/08\/WhatsApp-logo-300x169.jpg 300w, https:\/\/malware.dev.sebascodes.net\/wp-content\/uploads\/2021\/08\/WhatsApp-logo-scaled-600x338.jpg 600w, https:\/\/malware.dev.sebascodes.net\/wp-content\/uploads\/2021\/08\/WhatsApp-logo-768x432.jpg 768w, https:\/\/malware.dev.sebascodes.net\/wp-content\/uploads\/2021\/08\/WhatsApp-logo-1536x864.jpg 1536w, https:\/\/malware.dev.sebascodes.net\/wp-content\/uploads\/2021\/08\/WhatsApp-logo-2048x1152.jpg 2048w, https:\/\/malware.dev.sebascodes.net\/wp-content\/uploads\/2021\/08\/WhatsApp-logo-1080x608.jpg 1080w, https:\/\/malware.dev.sebascodes.net\/wp-content\/uploads\/2021\/08\/WhatsApp-logo-624x351.jpg 624w\" sizes=\"(max-width: 90px) 100vw, 90px\" \/><\/a><strong><a href=\"https:\/\/api.whatsapp.com\/send?phone=5491135636206\" data-type=\"URL\" data-id=\"https:\/\/api.whatsapp.com\/send?phone=34656717957\">Contacto directo por WhatsApp<\/a><\/strong><\/div>\n<div><strong><\/strong><\/div>\n<div><\/div>\n<div><\/div>\n<div><\/div>\n<div><\/div>\n<p><span class=\"selectable-text copyable-text\"><em><strong><span style=\"color: #e02b20;\">Recuerda que tienes que poner tu email y contrase\u00f1a para acceder al contenido formativo exclusivo para alumnos &#8211; te lleg\u00f3 un email (revisa SPAM) cuando te diste de alta, con todos tus datos.<\/span><\/strong><\/em><\/span><\/p>\n<p>[\/et_pb_text][\/et_pb_column][\/et_pb_row][\/et_pb_section][et_pb_section fb_built=\u00bb1&#8243; _builder_version=\u00bb4.19.2&#8243; _module_preset=\u00bbdefault\u00bb global_colors_info=\u00bb{}\u00bb][et_pb_row _builder_version=\u00bb4.19.2&#8243; _module_preset=\u00bbdefault\u00bb global_colors_info=\u00bb{}\u00bb][et_pb_column type=\u00bb4_4&#8243; _builder_version=\u00bb4.19.2&#8243; _module_preset=\u00bbdefault\u00bb global_colors_info=\u00bb{}\u00bb][et_pb_video src=\u00bbhttps:\/\/vimeo.com\/779865382&#8243; _builder_version=\u00bb4.19.2&#8243; _module_preset=\u00bbdefault\u00bb global_colors_info=\u00bb{}\u00bb][\/et_pb_video][\/et_pb_column][\/et_pb_row][\/et_pb_section][et_pb_section fb_built=\u00bb1&#8243; _builder_version=\u00bb4.19.2&#8243; _module_preset=\u00bbdefault\u00bb global_colors_info=\u00bb{}\u00bb][et_pb_row _builder_version=\u00bb4.19.2&#8243; _module_preset=\u00bbdefault\u00bb global_colors_info=\u00bb{}\u00bb][et_pb_column type=\u00bb4_4&#8243; _builder_version=\u00bb4.19.2&#8243; _module_preset=\u00bbdefault\u00bb global_colors_info=\u00bb{}\u00bb][et_pb_text _builder_version=\u00bb4.19.2&#8243; _module_preset=\u00bbdefault\u00bb custom_padding=\u00bb0px|||||\u00bb global_colors_info=\u00bb{}\u00bb]<\/p>\n<p><em><span class=\"fe5nidar khvhiq1o r5qsrrlp i5tg98hk f9ovudaz przvwfww gx1rr48f gfz4du6o r7fjleex nz2484kf svot0ezm dcnh1tix sxl192xd t3g6t33p\"><span class=\"mpj7bzys xzlurrtv\">\u2b55<\/span><\/span><span class=\"fe5nidar khvhiq1o r5qsrrlp i5tg98hk f9ovudaz przvwfww gx1rr48f gfz4du6o r7fjleex nz2484kf svot0ezm dcnh1tix sxl192xd t3g6t33p\"><span class=\"mpj7bzys xzlurrtv\">\ufe0f<\/span><\/span><span class=\"selectable-text copyable-text\"> PASOS A SEGUIR<\/span><\/em><\/p>\n<ul>\n<li><span class=\"selectable-text copyable-text\">1.-Ves al enlace <span style=\"text-decoration: underline;\">https:\/\/malware.dev.sebascodes.net\/<\/span> <\/span><\/li>\n<li><span class=\"selectable-text copyable-text\">2.-En el men\u00fa Superior ve a Formaciones, selecciona tu formaci\u00f3n.<\/span><\/li>\n<li><span class=\"selectable-text copyable-text\">3.-A la Derecha, junto a la imagen Formativa ver\u00e1s un Texto: \u00abEntrar\u00bb <\/span><\/li>\n<li><span class=\"selectable-text copyable-text\">4.-Se abrir\u00e1 un men\u00fa donde poner tus datos <\/span><\/li>\n<li><span class=\"selectable-text copyable-text\">5.-Tu email* donde recibiste nuestro email de acceso <\/span><\/li>\n<li><span class=\"selectable-text copyable-text\">6.-Contrase\u00f1a: revisa tu email de alta en la plataforma<\/span><\/li>\n<li><em><span class=\"selectable-text copyable-text\">7.-Bot\u00f3n Recu\u00e9rdeme: puede seleccionar este bot\u00f3n y siempre tendr\u00e1s el usuario activo No necesitar\u00e1s de nuevo poner tus datos. <\/span><\/em><\/li>\n<li style=\"text-align: center;\"><em><span class=\"selectable-text copyable-text\">\u00a0<strong><span style=\"color: #e02b20;\">Recuerda que tienes que poner tu email y contrase\u00f1a para acceder al contenido formativo exclusivo para alumnos &#8211; te lleg\u00f3 un email (revisa SPAM) cuando te diste de alta, con todos tus datos.<\/span><\/strong><\/span><\/em><\/li>\n<\/ul>\n<p>[\/et_pb_text][\/et_pb_column][\/et_pb_row][et_pb_row _builder_version=\u00bb4.19.2&#8243; _module_preset=\u00bbdefault\u00bb global_colors_info=\u00bb{}\u00bb][et_pb_column type=\u00bb4_4&#8243; _builder_version=\u00bb4.19.2&#8243; _module_preset=\u00bbdefault\u00bb global_colors_info=\u00bb{}\u00bb][et_pb_text _builder_version=\u00bb4.19.2&#8243; _module_preset=\u00bbdefault\u00bb custom_padding=\u00bb0px||0px|||\u00bb global_colors_info=\u00bb{}\u00bb]<\/p>\n<p><strong><span class=\"fe5nidar khvhiq1o r5qsrrlp i5tg98hk f9ovudaz przvwfww gx1rr48f gfz4du6o r7fjleex nz2484kf svot0ezm dcnh1tix sxl192xd t3g6t33p\"><span class=\"mpj7bzys xzlurrtv\">\ud83d\ude80<\/span><\/span><span class=\"selectable-text copyable-text\">Si quieres acceder desde la Aplicaci\u00f3n para Android <\/span><\/strong><\/p>\n<p><strong><span class=\"selectable-text copyable-text\">1.-Descarga la app de Impulstalent <\/span><\/strong><\/p>\n<p><span class=\"selectable-text copyable-text\"><a href=\"https:\/\/play.google.com\/store\/apps\/details?id=com.wimpulstalent_14395947&amp;gl=ES\">https:\/\/play.google.com\/store\/apps\/details?id=com.wimpulstalent_14395947&amp;gl=ES <\/a><\/span><\/p>\n<p><span class=\"selectable-text copyable-text\">Repite los pasos anteriores <\/span><span class=\"fe5nidar khvhiq1o r5qsrrlp i5tg98hk f9ovudaz przvwfww gx1rr48f gfz4du6o r7fjleex nz2484kf svot0ezm dcnh1tix sxl192xd t3g6t33p\"><span class=\"mpj7bzys xzlurrtv\">\u2757<\/span><\/span><span class=\"fe5nidar khvhiq1o r5qsrrlp i5tg98hk f9ovudaz przvwfww gx1rr48f gfz4du6o r7fjleex nz2484kf svot0ezm dcnh1tix sxl192xd t3g6t33p\"><span class=\"mpj7bzys xzlurrtv\">\ufe0f<\/span><\/span><\/p>\n<p>[\/et_pb_text][\/et_pb_column][\/et_pb_row][\/et_pb_section]<\/p>\n","protected":false},"excerpt":{"rendered":"<p>\ufe0f Acceso a la&#8230;<\/p>\n","protected":false},"author":1,"featured_media":0,"parent":0,"menu_order":0,"comment_status":"closed","ping_status":"closed","template":"","meta":{"_et_pb_use_builder":"on","_et_pb_old_content":"","_et_gb_content_width":"","_monsterinsights_skip_tracking":false,"_monsterinsights_sitenote_active":false,"_monsterinsights_sitenote_note":"","_monsterinsights_sitenote_category":0,"_joinchat":[],"footnotes":""},"class_list":["post-6942","page","type-page","status-publish","hentry"],"aioseo_notices":[],"_links":{"self":[{"href":"https:\/\/malware.dev.sebascodes.net\/index.php?rest_route=\/wp\/v2\/pages\/6942","targetHints":{"allow":["GET"]}}],"collection":[{"href":"https:\/\/malware.dev.sebascodes.net\/index.php?rest_route=\/wp\/v2\/pages"}],"about":[{"href":"https:\/\/malware.dev.sebascodes.net\/index.php?rest_route=\/wp\/v2\/types\/page"}],"author":[{"embeddable":true,"href":"https:\/\/malware.dev.sebascodes.net\/index.php?rest_route=\/wp\/v2\/users\/1"}],"replies":[{"embeddable":true,"href":"https:\/\/malware.dev.sebascodes.net\/index.php?rest_route=%2Fwp%2Fv2%2Fcomments&post=6942"}],"version-history":[{"count":10,"href":"https:\/\/malware.dev.sebascodes.net\/index.php?rest_route=\/wp\/v2\/pages\/6942\/revisions"}],"predecessor-version":[{"id":12199,"href":"https:\/\/malware.dev.sebascodes.net\/index.php?rest_route=\/wp\/v2\/pages\/6942\/revisions\/12199"}],"wp:attachment":[{"href":"https:\/\/malware.dev.sebascodes.net\/index.php?rest_route=%2Fwp%2Fv2%2Fmedia&parent=6942"}],"curies":[{"name":"wp","href":"https:\/\/api.w.org\/{rel}","templated":true}]}}