{"id":2941,"date":"2021-09-06T18:02:35","date_gmt":"2021-09-06T16:02:35","guid":{"rendered":"https:\/\/malware.dev.sebascodes.net\/?page_id=2941"},"modified":"2024-10-30T16:09:50","modified_gmt":"2024-10-30T15:09:50","slug":"formaciones","status":"publish","type":"page","link":"https:\/\/malware.dev.sebascodes.net\/?page_id=2941","title":{"rendered":"Formaciones"},"content":{"rendered":"<p>[et_pb_section fb_built=\u00bb1&#8243; admin_label=\u00bbHeader\u00bb _builder_version=\u00bb4.25.2&#8243; _module_preset=\u00bb771dc698-d217-4729-9d45-9e1789bdada1&#8243; background_color_gradient_stops=\u00bbgcid-d119accd-44d7-4f2f-b9d7-599c8463324b 0%|rgba(255,255,255,0) 25%|rgba(7,33,48,0.6) 76%|#072130 100%\u00bb background_image=\u00bbhttps:\/\/malware.dev.sebascodes.net\/wp-content\/uploads\/2024\/10\/non-profit-03.jpg\u00bb locked=\u00bboff\u00bb collapsed=\u00bbon\u00bb global_colors_info=\u00bb{%22gcid-1f1bf5fb-a99d-4acc-8d9e-ddac074c158c%22:%91%22background_color_gradient_stops%22,%22background_color_gradient_stops%22%93,%22gcid-4c79ba3d-a281-4fb6-9b14-02f9a4c793f2%22:%91%22background_color_gradient_stops%22,%22background_color_gradient_stops%22%93,%22gcid-688c464a-d6f2-4296-b592-395352c71c79%22:%91%22background_color_gradient_stops%22,%22background_color_gradient_stops%22%93,%22gcid-d119accd-44d7-4f2f-b9d7-599c8463324b%22:%91%22background_color_gradient_stops%22,%22background_color_gradient_stops%22%93}\u00bb][et_pb_row _builder_version=\u00bb4.25.1&#8243; _module_preset=\u00bbdefault\u00bb global_colors_info=\u00bb{}\u00bb][et_pb_column type=\u00bb4_4&#8243; _builder_version=\u00bb4.25.1&#8243; _module_preset=\u00bbdefault\u00bb global_colors_info=\u00bb{}\u00bb][et_pb_heading title=\u00bbNuestras Formaciones\u00bb _builder_version=\u00bb4.25.2&#8243; _module_preset=\u00bb160a64b2-630f-48a2-a8bd-1766a70c3dd6&#8243; title_text_align=\u00bbcenter\u00bb custom_margin=\u00bb||10px||false|false\u00bb global_colors_info=\u00bb{}\u00bb][\/et_pb_heading][\/et_pb_column][\/et_pb_row][et_pb_row column_structure=\u00bb1_3,1_3,1_3&#8243; make_equal=\u00bbon\u00bb _builder_version=\u00bb4.27.2&#8243; _module_preset=\u00bbdefault\u00bb hover_enabled=\u00bb0&#8243; global_colors_info=\u00bb{}\u00bb sticky_enabled=\u00bb0&#8243;][et_pb_column type=\u00bb1_3&#8243; _builder_version=\u00bb4.27.2&#8243; _module_preset=\u00bbe2c27712-64e0-4c16-8c70-80772d1c86c4&#8243; global_colors_info=\u00bb{}\u00bb][et_pb_heading title=\u00bbM\u00e1ster en Constelaciones Familiares\u00bb url=\u00bbhttps:\/\/malware.dev.sebascodes.net\/formacionconstelaciones\/\u00bb _builder_version=\u00bb4.27.2&#8243; _module_preset=\u00bbe904a8b8-c84c-4833-8991-947a848c57f0&#8243; title_text_color=\u00bb#FFFFFF\u00bb custom_margin=\u00bb||10px||false|false\u00bb global_colors_info=\u00bb{}\u00bb][\/et_pb_heading][et_pb_text _builder_version=\u00bb4.27.2&#8243; _module_preset=\u00bb19526350-feb0-4946-af6a-457322568b10&#8243; global_colors_info=\u00bb{}\u00bb]<\/p>\n<p><span>Duraci\u00f3n 2 a\u00f1os.<\/span><br \/><span>+ de 660 horas Formativas.<\/span><\/p>\n<p><span>F\u00f3rmate como Profesional.<\/span><\/p>\n<p>[\/et_pb_text][et_pb_button button_url=\u00bbhttps:\/\/malware.dev.sebascodes.net\/formacionconstelaciones\/\u00bb button_text=\u00bbM\u00e1s info\u00bb _builder_version=\u00bb4.27.2&#8243; _module_preset=\u00bb93bdd7ee-f74e-4946-b6e7-02b0bf56faff\u00bb global_colors_info=\u00bb{}\u00bb][\/et_pb_button][\/et_pb_column][et_pb_column type=\u00bb1_3&#8243; _builder_version=\u00bb4.27.2&#8243; _module_preset=\u00bb0f2a61e0-f2f4-437c-8697-6ed90461eee6&#8243; background_color=\u00bbrgba(48,155,221,0.73)\u00bb hover_enabled=\u00bb0&#8243; global_colors_info=\u00bb{}\u00bb sticky_enabled=\u00bb0&#8243;][et_pb_heading title=\u00bbEl Orden que da felicidad\u00bb url=\u00bbhttps:\/\/malware.dev.sebascodes.net\/orden\/\u00bb _builder_version=\u00bb4.27.2&#8243; _module_preset=\u00bbe904a8b8-c84c-4833-8991-947a848c57f0&#8243; title_text_color=\u00bbgcid-1f1b4e15-7cc6-4e13-8154-74d77a956460&#8243; custom_margin=\u00bb||10px||false|false\u00bb hover_enabled=\u00bb0&#8243; locked=\u00bboff\u00bb global_colors_info=\u00bb{%22gcid-1f1b4e15-7cc6-4e13-8154-74d77a956460%22:%91%22title_text_color%22%93}\u00bb sticky_enabled=\u00bb0&#8243;][\/et_pb_heading][et_pb_text _builder_version=\u00bb4.27.2&#8243; _module_preset=\u00bb832e10d9-8dcb-43ce-8081-9e787041e3cf\u00bb locked=\u00bboff\u00bb global_colors_info=\u00bb{}\u00bb]<\/p>\n<p><span style=\"color: #ffffff;\">\u201cEste viaje marcar\u00e1 un antes y un despu\u00e9s en tu forma de mirarte y de mirar la vida. Una forma distinta de encontrarte contigo y con el mundo.\u201d<\/span><\/p>\n<p>[\/et_pb_text][et_pb_button button_url=\u00bbhttps:\/\/malware.dev.sebascodes.net\/orden\/\u00bb button_text=\u00bbM\u00e1s info\u00bb _builder_version=\u00bb4.27.2&#8243; _module_preset=\u00bb0da2637a-de42-4a2c-9684-27a5ff2238a9&#8243; locked=\u00bboff\u00bb global_colors_info=\u00bb{}\u00bb][\/et_pb_button][\/et_pb_column][et_pb_column type=\u00bb1_3&#8243; _builder_version=\u00bb4.25.2&#8243; _module_preset=\u00bbc79c19c8-9c1b-4114-9ade-39eb9a5efc07&#8243; global_colors_info=\u00bb{}\u00bb][et_pb_heading title=\u00bbM\u00e1ster en Constelaciones Organizacionales\u00bb url=\u00bbhttps:\/\/malware.dev.sebascodes.net\/cos\/\u00bb _builder_version=\u00bb4.27.2&#8243; _module_preset=\u00bbe904a8b8-c84c-4833-8991-947a848c57f0&#8243; title_text_color=\u00bb#FFFFFF\u00bb custom_margin=\u00bb||10px||false|false\u00bb locked=\u00bboff\u00bb global_colors_info=\u00bb{}\u00bb][\/et_pb_heading][et_pb_text _builder_version=\u00bb4.27.2&#8243; _module_preset=\u00bb19526350-feb0-4946-af6a-457322568b10&#8243; locked=\u00bboff\u00bb global_colors_info=\u00bb{}\u00bb]<\/p>\n<p>Constelaciones Organizacionales y Coaching Sist\u00e9mico.<\/p>\n<p>[\/et_pb_text][et_pb_button button_url=\u00bbhttps:\/\/malware.dev.sebascodes.net\/cos\/\u00bb button_text=\u00bbM\u00e1s info\u00bb _builder_version=\u00bb4.27.2&#8243; _module_preset=\u00bbc6bf04c2-b296-4c43-84a9-5e58c3dbb447&#8243; locked=\u00bboff\u00bb global_colors_info=\u00bb{}\u00bb][\/et_pb_button][\/et_pb_column][\/et_pb_row][et_pb_row column_structure=\u00bb1_3,1_3,1_3&#8243; make_equal=\u00bbon\u00bb _builder_version=\u00bb4.27.2&#8243; _module_preset=\u00bbdefault\u00bb hover_enabled=\u00bb0&#8243; global_colors_info=\u00bb{}\u00bb sticky_enabled=\u00bb0&#8243;][et_pb_column type=\u00bb1_3&#8243; _builder_version=\u00bb4.25.2&#8243; _module_preset=\u00bbe2c27712-64e0-4c16-8c70-80772d1c86c4&#8243; global_colors_info=\u00bb{}\u00bb][et_pb_heading title=\u00bbCoaching Sist\u00e9mico Familiar\u00bb url=\u00bbhttps:\/\/malware.dev.sebascodes.net\/csf\/\u00bb _builder_version=\u00bb4.27.2&#8243; _module_preset=\u00bbe904a8b8-c84c-4833-8991-947a848c57f0&#8243; title_text_color=\u00bb#FFFFFF\u00bb custom_margin=\u00bb||10px||false|false\u00bb global_colors_info=\u00bb{}\u00bb][\/et_pb_heading][et_pb_text _builder_version=\u00bb4.27.2&#8243; _module_preset=\u00bb19526350-feb0-4946-af6a-457322568b10&#8243; global_colors_info=\u00bb{}\u00bb]<\/p>\n<p>Gestaci\u00f3n, Infancia, Adolescencia, Pareja, Familia.<\/p>\n<p>[\/et_pb_text][et_pb_button button_url=\u00bbhttps:\/\/malware.dev.sebascodes.net\/csf\/\u00bb button_text=\u00bbm\u00e1s info\u00bb _builder_version=\u00bb4.27.2&#8243; _module_preset=\u00bb93bdd7ee-f74e-4946-b6e7-02b0bf56faff\u00bb global_colors_info=\u00bb{}\u00bb][\/et_pb_button][\/et_pb_column][et_pb_column type=\u00bb1_3&#8243; _builder_version=\u00bb4.27.2&#8243; _module_preset=\u00bb0f2a61e0-f2f4-437c-8697-6ed90461eee6&#8243; background_color=\u00bb#f2f2f2&#8243; global_colors_info=\u00bb{}\u00bb][et_pb_heading title=\u00bbLiderazgo Experiencial para transformar la educaci\u00f3n\u00bb url=\u00bbhttps:\/\/liderazgoexperiencialconsciente.com\/\u00bb _builder_version=\u00bb4.27.2&#8243; _module_preset=\u00bbe904a8b8-c84c-4833-8991-947a848c57f0&#8243; title_text_color=\u00bbgcid-1f1b4e15-7cc6-4e13-8154-74d77a956460&#8243; custom_margin=\u00bb||10px||false|false\u00bb locked=\u00bboff\u00bb global_colors_info=\u00bb{%22gcid-1f1b4e15-7cc6-4e13-8154-74d77a956460%22:%91%22title_text_color%22%93}\u00bb][\/et_pb_heading][et_pb_text _builder_version=\u00bb4.27.2&#8243; _module_preset=\u00bb832e10d9-8dcb-43ce-8081-9e787041e3cf\u00bb link_option_url=\u00bbhttps:\/\/liderazgoexperiencialconsciente.com\/\u00bb locked=\u00bboff\u00bb global_colors_info=\u00bb{}\u00bb]<\/p>\n<p>Creado para impulsar tu liderazgo y reimaginar la educaci\u00f3n.<\/p>\n<p>[\/et_pb_text][et_pb_button button_url=\u00bbhttps:\/\/liderazgoexperiencialconsciente.com\/\u00bb button_text=\u00bbM\u00e1s info\u00bb _builder_version=\u00bb4.27.2&#8243; _module_preset=\u00bb0da2637a-de42-4a2c-9684-27a5ff2238a9&#8243; locked=\u00bboff\u00bb global_colors_info=\u00bb{}\u00bb][\/et_pb_button][\/et_pb_column][et_pb_column type=\u00bb1_3&#8243; _builder_version=\u00bb4.25.2&#8243; _module_preset=\u00bbc79c19c8-9c1b-4114-9ade-39eb9a5efc07&#8243; global_colors_info=\u00bb{}\u00bb][et_pb_heading title=\u00bbConsultor Organizacional\u00bb url=\u00bbhttps:\/\/malware.dev.sebascodes.net\/courses\/cso-consultor-sistemico-organizacional\/\u00bb _builder_version=\u00bb4.27.2&#8243; _module_preset=\u00bbe904a8b8-c84c-4833-8991-947a848c57f0&#8243; title_text_color=\u00bb#FFFFFF\u00bb custom_margin=\u00bb||10px||false|false\u00bb locked=\u00bboff\u00bb global_colors_info=\u00bb{}\u00bb][\/et_pb_heading][et_pb_text _builder_version=\u00bb4.27.2&#8243; _module_preset=\u00bb19526350-feb0-4946-af6a-457322568b10&#8243; locked=\u00bboff\u00bb global_colors_info=\u00bb{}\u00bb]<\/p>\n<p><span>Consultor de organizaciones y equipos profesionales.\u00a0<\/span><\/p>\n<p>[\/et_pb_text][et_pb_button button_url=\u00bbhttps:\/\/malware.dev.sebascodes.net\/courses\/cso-consultor-sistemico-organizacional\/\u00bb button_text=\u00bbmas info\u00bb _builder_version=\u00bb4.27.2&#8243; _module_preset=\u00bbc6bf04c2-b296-4c43-84a9-5e58c3dbb447&#8243; locked=\u00bboff\u00bb global_colors_info=\u00bb{}\u00bb][\/et_pb_button][\/et_pb_column][\/et_pb_row][et_pb_row column_structure=\u00bb1_3,1_3,1_3&#8243; make_equal=\u00bbon\u00bb _builder_version=\u00bb4.25.2&#8243; _module_preset=\u00bbdefault\u00bb global_colors_info=\u00bb{}\u00bb][et_pb_column type=\u00bb1_3&#8243; _builder_version=\u00bb4.25.2&#8243; _module_preset=\u00bbe2c27712-64e0-4c16-8c70-80772d1c86c4&#8243; global_colors_info=\u00bb{}\u00bb][et_pb_heading title=\u00bbVocaci\u00f3n Profesi\u00f3n y Dinero &#8211; Intensivo\u00bb url=\u00bbhttps:\/\/malware.dev.sebascodes.net\/vpd-3\/\u00bb _builder_version=\u00bb4.27.2&#8243; _module_preset=\u00bbe904a8b8-c84c-4833-8991-947a848c57f0&#8243; title_text_color=\u00bb#FFFFFF\u00bb custom_margin=\u00bb||10px||false|false\u00bb global_colors_info=\u00bb{}\u00bb][\/et_pb_heading][et_pb_text _builder_version=\u00bb4.27.2&#8243; _module_preset=\u00bb19526350-feb0-4946-af6a-457322568b10&#8243; global_colors_info=\u00bb{}\u00bb]<\/p>\n<p>transformar tu relaci\u00f3n con el Dinero, la Vocaci\u00f3n, la Profesi\u00f3n y el Talento. <\/p>\n<p>[\/et_pb_text][et_pb_button button_url=\u00bbhttps:\/\/malware.dev.sebascodes.net\/vpd-3\/\u00bb button_text=\u00bbM\u00e1s info\u00bb _builder_version=\u00bb4.27.2&#8243; _module_preset=\u00bb93bdd7ee-f74e-4946-b6e7-02b0bf56faff\u00bb global_colors_info=\u00bb{}\u00bb][\/et_pb_button][\/et_pb_column][et_pb_column type=\u00bb1_3&#8243; _builder_version=\u00bb4.25.2&#8243; _module_preset=\u00bb0f2a61e0-f2f4-437c-8697-6ed90461eee6&#8243; global_colors_info=\u00bb{}\u00bb][et_pb_heading title=\u00bbTalleres de Constelaciones\u00bb url=\u00bbhttps:\/\/malware.dev.sebascodes.net\/constelacion\/\u00bb _builder_version=\u00bb4.27.2&#8243; _module_preset=\u00bbe904a8b8-c84c-4833-8991-947a848c57f0&#8243; title_text_color=\u00bbgcid-1f1b4e15-7cc6-4e13-8154-74d77a956460&#8243; custom_margin=\u00bb||10px||false|false\u00bb locked=\u00bboff\u00bb global_colors_info=\u00bb{%22gcid-1f1b4e15-7cc6-4e13-8154-74d77a956460%22:%91%22title_text_color%22%93}\u00bb][\/et_pb_heading][et_pb_text _builder_version=\u00bb4.27.2&#8243; _module_preset=\u00bb832e10d9-8dcb-43ce-8081-9e787041e3cf\u00bb locked=\u00bboff\u00bb global_colors_info=\u00bb{}\u00bb]<\/p>\n<p>Presencial u Online. Trabajo con temas Familiares, hijos, parejas, de empresa, negocio, emprendedores, dinero&#8230;<\/p>\n<p>[\/et_pb_text][et_pb_button button_url=\u00bbhttps:\/\/malware.dev.sebascodes.net\/constelacion\/\u00bb button_text=\u00bbM\u00e1s info\u00bb _builder_version=\u00bb4.27.2&#8243; _module_preset=\u00bb0da2637a-de42-4a2c-9684-27a5ff2238a9&#8243; locked=\u00bboff\u00bb global_colors_info=\u00bb{}\u00bb][\/et_pb_button][\/et_pb_column][et_pb_column type=\u00bb1_3&#8243; _builder_version=\u00bb4.25.2&#8243; _module_preset=\u00bbc79c19c8-9c1b-4114-9ade-39eb9a5efc07&#8243; global_colors_info=\u00bb{}\u00bb][et_pb_heading title=\u00bbActividades Gratuitas\u00bb url=\u00bbhttps:\/\/chat.whatsapp.com\/CjddHV5GcQIKlyfLLPIYkf\u00bb _builder_version=\u00bb4.27.2&#8243; _module_preset=\u00bbe904a8b8-c84c-4833-8991-947a848c57f0&#8243; title_text_color=\u00bb#FFFFFF\u00bb custom_margin=\u00bb||10px||false|false\u00bb locked=\u00bboff\u00bb global_colors_info=\u00bb{}\u00bb][\/et_pb_heading][et_pb_text _builder_version=\u00bb4.27.2&#8243; _module_preset=\u00bb19526350-feb0-4946-af6a-457322568b10&#8243; locked=\u00bboff\u00bb global_colors_info=\u00bb{}\u00bb]<\/p>\n<p>Hemos creado una comunidad d\u00f3nde poder enviarles una vez al mes todas nuestras actividades gratuitas, talleres, jornadas abiertas, cursos gratuitos&#8230; \ud83c\udf81<\/p>\n<p>[\/et_pb_text][et_pb_button button_url=\u00bbhttps:\/\/chat.whatsapp.com\/CjddHV5GcQIKlyfLLPIYkf\u00bb button_text=\u00bbcomunidad\u00bb _builder_version=\u00bb4.27.2&#8243; _module_preset=\u00bbc6bf04c2-b296-4c43-84a9-5e58c3dbb447&#8243; locked=\u00bboff\u00bb global_colors_info=\u00bb{}\u00bb][\/et_pb_button][\/et_pb_column][\/et_pb_row][\/et_pb_section]<\/p>\n","protected":false},"excerpt":{"rendered":"<p>Nuestras Formaciones&#8230;<\/p>\n","protected":false},"author":1,"featured_media":0,"parent":0,"menu_order":0,"comment_status":"closed","ping_status":"closed","template":"page-fullwidth-content.php","meta":{"_et_pb_use_builder":"on","_et_pb_old_content":"<!-- wp:spacer {\"height\":\"174px\"} -->\n<div style=\"height:174px\" aria-hidden=\"true\" class=\"wp-block-spacer\"><\/div>\n<!-- \/wp:spacer -->\n\n<!-- wp:buttons {\"layout\":{\"type\":\"flex\",\"justifyContent\":\"center\"}} -->\n<div class=\"wp-block-buttons\"><!-- wp:button -->\n<div class=\"wp-block-button\"><a class=\"wp-block-button__link wp-element-button\" href=\"https:\/\/forms.gle\/dH8jaaWLuvgZ9buL9\"><mark style=\"background-color:rgba(0, 0, 0, 0)\" class=\"has-inline-color has-white-color\">MasterClass Gratuitas<\/mark><\/a><\/div>\n<!-- \/wp:button --><\/div>\n<!-- \/wp:buttons -->\n\n<!-- wp:spacer {\"height\":\"44px\"} -->\n<div style=\"height:44px\" aria-hidden=\"true\" class=\"wp-block-spacer\"><\/div>\n<!-- \/wp:spacer -->\n\n<!-- wp:buttons {\"layout\":{\"type\":\"flex\",\"justifyContent\":\"center\"}} -->\n<div class=\"wp-block-buttons\"><!-- wp:button -->\n<div class=\"wp-block-button\"><a class=\"wp-block-button__link wp-element-button\" href=\"https:\/\/malware.dev.sebascodes.net\/formacionconstelaciones\/\">M\u00e1ster en Constelaciones Familiares<\/a><\/div>\n<!-- \/wp:button --><\/div>\n<!-- \/wp:buttons -->\n\n<!-- wp:spacer {\"height\":\"44px\"} -->\n<div style=\"height:44px\" aria-hidden=\"true\" class=\"wp-block-spacer\"><\/div>\n<!-- \/wp:spacer -->\n\n<!-- wp:buttons {\"layout\":{\"type\":\"flex\",\"justifyContent\":\"center\"}} -->\n<div class=\"wp-block-buttons\"><!-- wp:button -->\n<div class=\"wp-block-button\"><a class=\"wp-block-button__link wp-element-button\" href=\"https:\/\/liderazgoexperiencialconsciente.com\/\"><mark style=\"background-color:rgba(0, 0, 0, 0)\" class=\"has-inline-color has-white-color\">Liderazgo Experiencial Consciente<\/mark><\/a><\/div>\n<!-- \/wp:button --><\/div>\n<!-- \/wp:buttons -->\n\n<!-- wp:spacer {\"height\":\"44px\"} -->\n<div style=\"height:44px\" aria-hidden=\"true\" class=\"wp-block-spacer\"><\/div>\n<!-- \/wp:spacer -->\n\n<!-- wp:buttons {\"layout\":{\"type\":\"flex\",\"justifyContent\":\"center\"}} -->\n<div class=\"wp-block-buttons\"><!-- wp:button -->\n<div class=\"wp-block-button\"><a class=\"wp-block-button__link wp-element-button\" href=\"https:\/\/malware.dev.sebascodes.net\/orden\/\"><mark style=\"background-color:rgba(0, 0, 0, 0)\" class=\"has-inline-color has-white-color\">el Orden que da felicidad<\/mark><\/a><\/div>\n<!-- \/wp:button --><\/div>\n<!-- \/wp:buttons -->\n\n<!-- wp:spacer {\"height\":\"44px\"} -->\n<div style=\"height:44px\" aria-hidden=\"true\" class=\"wp-block-spacer\"><\/div>\n<!-- \/wp:spacer -->\n\n<!-- wp:buttons {\"layout\":{\"type\":\"flex\",\"justifyContent\":\"center\"}} -->\n<div class=\"wp-block-buttons\"><!-- wp:button -->\n<div class=\"wp-block-button\"><a class=\"wp-block-button__link wp-element-button\" href=\"https:\/\/malware.dev.sebascodes.net\/cos\/\"><mark style=\"background-color:rgba(0, 0, 0, 0)\" class=\"has-inline-color has-white-color\">M\u00e1ster en Constelaciones Organizacionales<\/mark><\/a><\/div>\n<!-- \/wp:button --><\/div>\n<!-- \/wp:buttons -->\n\n<!-- wp:spacer {\"height\":\"44px\"} -->\n<div style=\"height:44px\" aria-hidden=\"true\" class=\"wp-block-spacer\"><\/div>\n<!-- \/wp:spacer -->\n\n<!-- wp:buttons {\"layout\":{\"type\":\"flex\",\"justifyContent\":\"center\"}} -->\n<div class=\"wp-block-buttons\"><!-- wp:button -->\n<div class=\"wp-block-button\"><a class=\"wp-block-button__link wp-element-button\" href=\"https:\/\/malware.dev.sebascodes.net\/courses\/cso-consultor-sistemico-organizacional\/\"><mark style=\"background-color:rgba(0, 0, 0, 0)\" class=\"has-inline-color has-white-color\">Consultor Organizacional Sist\u00e9mico<\/mark><\/a><\/div>\n<!-- \/wp:button --><\/div>\n<!-- \/wp:buttons -->\n\n<!-- wp:spacer {\"height\":\"44px\"} -->\n<div style=\"height:44px\" aria-hidden=\"true\" class=\"wp-block-spacer\"><\/div>\n<!-- \/wp:spacer -->\n\n<!-- wp:buttons {\"layout\":{\"type\":\"flex\",\"justifyContent\":\"center\"}} -->\n<div class=\"wp-block-buttons\"><!-- wp:button -->\n<div class=\"wp-block-button\"><a class=\"wp-block-button__link wp-element-button\" href=\"https:\/\/malware.dev.sebascodes.net\/csf\/\"><mark style=\"background-color:rgba(0, 0, 0, 0)\" class=\"has-inline-color has-white-color\">M\u00e1ster en Coaching Sist\u00e9mico Familiar<\/mark><\/a><\/div>\n<!-- \/wp:button --><\/div>\n<!-- \/wp:buttons -->\n\n<!-- wp:spacer {\"height\":\"44px\"} -->\n<div style=\"height:44px\" aria-hidden=\"true\" class=\"wp-block-spacer\"><\/div>\n<!-- \/wp:spacer -->\n\n<!-- wp:buttons {\"layout\":{\"type\":\"flex\",\"justifyContent\":\"center\"}} -->\n<div class=\"wp-block-buttons\"><!-- wp:button -->\n<div class=\"wp-block-button\"><a class=\"wp-block-button__link wp-element-button\" href=\"https:\/\/forms.gle\/RqD6nb67MbqYNdKY9\"><mark style=\"background-color:rgba(0, 0, 0, 0)\" class=\"has-inline-color has-white-color\">Supervisi\u00f3n de Casos<\/mark><\/a><\/div>\n<!-- \/wp:button --><\/div>\n<!-- \/wp:buttons -->\n\n<!-- wp:spacer {\"height\":\"44px\"} -->\n<div style=\"height:44px\" aria-hidden=\"true\" class=\"wp-block-spacer\"><\/div>\n<!-- \/wp:spacer -->\n\n<!-- wp:buttons {\"layout\":{\"type\":\"flex\",\"justifyContent\":\"center\"}} -->\n<div class=\"wp-block-buttons\"><!-- wp:button -->\n<div class=\"wp-block-button\"><a class=\"wp-block-button__link wp-element-button\" href=\"https:\/\/malware.dev.sebascodes.net\/vpd-3\/\"><mark style=\"background-color:rgba(0, 0, 0, 0)\" class=\"has-inline-color has-white-color\">Intensivo, Vocaci\u00f3n, Profesi\u00f3n y Dinero<\/mark><\/a><\/div>\n<!-- \/wp:button --><\/div>\n<!-- \/wp:buttons -->\n\n<!-- wp:spacer {\"height\":\"44px\"} -->\n<div style=\"height:44px\" aria-hidden=\"true\" class=\"wp-block-spacer\"><\/div>\n<!-- \/wp:spacer -->\n\n<!-- wp:paragraph -->\n<p><\/p>\n<!-- \/wp:paragraph -->\n\n<!-- wp:image {\"id\":2877,\"width\":894,\"height\":495,\"sizeSlug\":\"large\",\"linkDestination\":\"none\",\"align\":\"center\"} -->\n<figure class=\"wp-block-image aligncenter size-large is-resized\"><img src=\"https:\/\/malware.dev.sebascodes.net\/wp-content\/uploads\/2021\/08\/012_MAPACopia-1024x576.jpg\" alt=\"\" class=\"wp-image-2877\" style=\"width:894px;height:495px\"\/><\/figure>\n<!-- \/wp:image -->\n\n<!-- wp:image {\"id\":2986,\"sizeSlug\":\"large\",\"linkDestination\":\"none\",\"align\":\"center\"} -->\n<figure class=\"wp-block-image aligncenter size-large\"><img src=\"https:\/\/malware.dev.sebascodes.net\/wp-content\/uploads\/2021\/09\/INFO-1-1024x454.png\" alt=\"\" class=\"wp-image-2986\"\/><\/figure>\n<!-- \/wp:image -->","_et_gb_content_width":"","_monsterinsights_skip_tracking":false,"_monsterinsights_sitenote_active":false,"_monsterinsights_sitenote_note":"","_monsterinsights_sitenote_category":0,"_joinchat":[],"footnotes":""},"class_list":["post-2941","page","type-page","status-publish","hentry"],"aioseo_notices":[],"_links":{"self":[{"href":"https:\/\/malware.dev.sebascodes.net\/index.php?rest_route=\/wp\/v2\/pages\/2941","targetHints":{"allow":["GET"]}}],"collection":[{"href":"https:\/\/malware.dev.sebascodes.net\/index.php?rest_route=\/wp\/v2\/pages"}],"about":[{"href":"https:\/\/malware.dev.sebascodes.net\/index.php?rest_route=\/wp\/v2\/types\/page"}],"author":[{"embeddable":true,"href":"https:\/\/malware.dev.sebascodes.net\/index.php?rest_route=\/wp\/v2\/users\/1"}],"replies":[{"embeddable":true,"href":"https:\/\/malware.dev.sebascodes.net\/index.php?rest_route=%2Fwp%2Fv2%2Fcomments&post=2941"}],"version-history":[{"count":48,"href":"https:\/\/malware.dev.sebascodes.net\/index.php?rest_route=\/wp\/v2\/pages\/2941\/revisions"}],"predecessor-version":[{"id":14311,"href":"https:\/\/malware.dev.sebascodes.net\/index.php?rest_route=\/wp\/v2\/pages\/2941\/revisions\/14311"}],"wp:attachment":[{"href":"https:\/\/malware.dev.sebascodes.net\/index.php?rest_route=%2Fwp%2Fv2%2Fmedia&parent=2941"}],"curies":[{"name":"wp","href":"https:\/\/api.w.org\/{rel}","templated":true}]}}