{"id":13718,"date":"2024-09-02T18:52:35","date_gmt":"2024-09-02T16:52:35","guid":{"rendered":"https:\/\/malware.dev.sebascodes.net\/?page_id=13718"},"modified":"2025-12-30T04:11:07","modified_gmt":"2025-12-30T03:11:07","slug":"oldrocio","status":"publish","type":"page","link":"https:\/\/malware.dev.sebascodes.net\/?page_id=13718","title":{"rendered":"Rocio"},"content":{"rendered":"<p>[et_pb_section fb_built=\u00bb1&#8243; next_background_color=\u00bb#E8E8E9&#8243; admin_label=\u00bbHeader\u00bb _builder_version=\u00bb4.27.0&#8243; _module_preset=\u00bbdefault\u00bb background_color=\u00bb#f24b0e\u00bb use_background_color_gradient=\u00bbon\u00bb background_color_gradient_stops=\u00bb#2b89d8 0%|#2b87da 4%|#29c4a9 100%\u00bb background_enable_image=\u00bboff\u00bb background_position=\u00bbtop_left\u00bb custom_padding=\u00bb||||false|false\u00bb bottom_divider_style=\u00bbslant\u00bb bottom_divider_height=\u00bb10vw\u00bb global_colors_info=\u00bb{%22gcid-af512a5f-530a-4e80-bfc4-3632d9174c8b%22:%91%93,%22gcid-b593ef39-6aba-4318-8d2d-133b31113704%22:%91%93}\u00bb][et_pb_row column_structure=\u00bb1_2,1_2&#8243; _builder_version=\u00bb4.16&#8243; _module_preset=\u00bbdefault\u00bb global_colors_info=\u00bb{}\u00bb][et_pb_column type=\u00bb1_2&#8243; _builder_version=\u00bb4.16&#8243; _module_preset=\u00bbdefault\u00bb custom_padding=\u00bb10%||8vw||false|false\u00bb custom_padding_tablet=\u00bb0vw||0vw||true|false\u00bb custom_padding_phone=\u00bb\u00bb custom_padding_last_edited=\u00bbon|tablet\u00bb global_colors_info=\u00bb{}\u00bb][et_pb_divider color=\u00bb#000000&#8243; divider_weight=\u00bb5px\u00bb _builder_version=\u00bb4.16&#8243; _module_preset=\u00bbdefault\u00bb max_width=\u00bb50px\u00bb custom_margin=\u00bb||0px||false|false\u00bb global_colors_info=\u00bb{}\u00bb][\/et_pb_divider][et_pb_text _builder_version=\u00bb4.27.0&#8243; _module_preset=\u00bbb3e3ff14-5f5c-4608-8ecf-1885ce3da7aa\u00bb header_font=\u00bbDM Serif Display||||||||\u00bb header_text_color=\u00bb#000000&#8243; header_font_size=\u00bb70px\u00bb header_line_height=\u00bb1.1em\u00bb custom_margin=\u00bb||10px||false|false\u00bb header_font_size_tablet=\u00bb40px\u00bb header_font_size_phone=\u00bb24px\u00bb header_font_size_last_edited=\u00bbon|desktop\u00bb global_colors_info=\u00bb{}\u00bb]<\/p>\n<h1>Actividades<\/h1>\n<h1>Roc\u00edo Villegas<\/h1>\n<h1>ImpulsTalent<\/h1>\n<p>&nbsp;<\/p>\n<p><strong><em>\u00a0<\/em><\/strong><\/p>\n<p>[\/et_pb_text][et_pb_button button_url=\u00bbhttps:\/\/malware.dev.sebascodes.net\/agenda\/trauma\/\u00bb button_text=\u00bbTaller de Trauma\u00bb _builder_version=\u00bb4.27.5&#8243; _module_preset=\u00bb4449fc3b-b2e1-457d-bd50-c55d5be30f46&#8243; custom_button=\u00bbon\u00bb button_text_size=\u00bb14px\u00bb button_text_color=\u00bb#FFFFFF\u00bb button_bg_color=\u00bb#000000&#8243; button_border_width=\u00bb0px\u00bb button_border_radius=\u00bb50px\u00bb button_letter_spacing=\u00bb2px\u00bb button_font=\u00bbJosefin Sans|700|||||||\u00bb button_icon=\u00bb&#x24;||divi||400&#8243; custom_padding=\u00bb16px|40px|16px|40px|true|true\u00bb hover_enabled=\u00bb0&#8243; global_colors_info=\u00bb{}\u00bb sticky_enabled=\u00bb0&#8243;][\/et_pb_button][et_pb_button button_url=\u00bbhttps:\/\/tidycal.com\/rociovillegas\/barcelona\u00bb button_text=\u00bbSesiones Individuales %91Barcelona%93&#8243; _builder_version=\u00bb4.27.4&#8243; _module_preset=\u00bb4449fc3b-b2e1-457d-bd50-c55d5be30f46&#8243; custom_button=\u00bbon\u00bb button_text_size=\u00bb14px\u00bb button_text_color=\u00bb#FFFFFF\u00bb button_bg_color=\u00bb#000000&#8243; button_border_width=\u00bb0px\u00bb button_border_radius=\u00bb50px\u00bb button_letter_spacing=\u00bb2px\u00bb button_font=\u00bbJosefin Sans|700|||||||\u00bb button_icon=\u00bb&#x24;||divi||400&#8243; custom_padding=\u00bb16px|40px|16px|40px|true|true\u00bb global_colors_info=\u00bb{}\u00bb][\/et_pb_button][et_pb_button button_url=\u00bbhttps:\/\/tidycal.com\/rociovillegas\/olesa\u00bb button_text=\u00bbSesiones Individuales %91Olesa%93&#8243; _builder_version=\u00bb4.27.4&#8243; _module_preset=\u00bb4449fc3b-b2e1-457d-bd50-c55d5be30f46&#8243; custom_button=\u00bbon\u00bb button_text_size=\u00bb14px\u00bb button_text_color=\u00bb#FFFFFF\u00bb button_bg_color=\u00bb#000000&#8243; button_border_width=\u00bb0px\u00bb button_border_radius=\u00bb50px\u00bb button_letter_spacing=\u00bb2px\u00bb button_font=\u00bbJosefin Sans|700|||||||\u00bb button_icon=\u00bb&#x24;||divi||400&#8243; custom_padding=\u00bb16px|40px|16px|40px|true|true\u00bb global_colors_info=\u00bb{}\u00bb][\/et_pb_button][et_pb_button button_url=\u00bbhttps:\/\/api.whatsapp.com\/send?phone=++34686266288&#8243; button_text=\u00bbSesiones Individuales %91Online%93&#8243; _builder_version=\u00bb4.27.4&#8243; _module_preset=\u00bb4449fc3b-b2e1-457d-bd50-c55d5be30f46&#8243; custom_button=\u00bbon\u00bb button_text_size=\u00bb14px\u00bb button_text_color=\u00bb#FFFFFF\u00bb button_bg_color=\u00bb#000000&#8243; button_border_width=\u00bb0px\u00bb button_border_radius=\u00bb50px\u00bb button_letter_spacing=\u00bb2px\u00bb button_font=\u00bbJosefin Sans|700|||||||\u00bb button_icon=\u00bb&#x24;||divi||400&#8243; custom_padding=\u00bb16px|40px|16px|40px|true|true\u00bb global_colors_info=\u00bb{}\u00bb][\/et_pb_button][et_pb_button button_url=\u00bbhttps:\/\/malware.dev.sebascodes.net\/constelacion\/\u00bb button_text=\u00bbTaller de Constelaciones\u00bb _builder_version=\u00bb4.27.4&#8243; _module_preset=\u00bb4449fc3b-b2e1-457d-bd50-c55d5be30f46&#8243; custom_button=\u00bbon\u00bb button_text_size=\u00bb14px\u00bb button_text_color=\u00bb#FFFFFF\u00bb button_bg_color=\u00bb#000000&#8243; button_border_width=\u00bb0px\u00bb button_border_radius=\u00bb50px\u00bb button_letter_spacing=\u00bb2px\u00bb button_font=\u00bbJosefin Sans|700|||||||\u00bb button_icon=\u00bb&#x24;||divi||400&#8243; custom_padding=\u00bb16px|40px|16px|40px|true|true\u00bb global_colors_info=\u00bb{}\u00bb][\/et_pb_button][et_pb_button button_url=\u00bbhttps:\/\/api.whatsapp.com\/send?phone=+34675793116&#8243; button_text=\u00bbWhastapp directo\u00bb _builder_version=\u00bb4.27.4&#8243; _module_preset=\u00bb4449fc3b-b2e1-457d-bd50-c55d5be30f46&#8243; custom_button=\u00bbon\u00bb button_text_size=\u00bb14px\u00bb button_text_color=\u00bb#FFFFFF\u00bb button_bg_color=\u00bb#000000&#8243; button_border_width=\u00bb0px\u00bb button_border_radius=\u00bb50px\u00bb button_letter_spacing=\u00bb2px\u00bb button_font=\u00bbJosefin Sans|700|||||||\u00bb button_icon=\u00bb&#x24;||divi||400&#8243; custom_padding=\u00bb16px|40px|16px|40px|true|true\u00bb global_colors_info=\u00bb{}\u00bb][\/et_pb_button][et_pb_button button_url=\u00bbhttps:\/\/forms.gle\/MXtzbchrSXbrndAr5&#8243; button_text=\u00bbInvitaci\u00f3n Taller de Constelaciones\u00bb _builder_version=\u00bb4.27.4&#8243; _module_preset=\u00bb4449fc3b-b2e1-457d-bd50-c55d5be30f46&#8243; custom_button=\u00bbon\u00bb button_text_size=\u00bb14px\u00bb button_text_color=\u00bb#FFFFFF\u00bb button_bg_color=\u00bb#000000&#8243; button_border_width=\u00bb0px\u00bb button_border_radius=\u00bb50px\u00bb button_letter_spacing=\u00bb2px\u00bb button_font=\u00bbJosefin Sans|700|||||||\u00bb button_icon=\u00bb&#x24;||divi||400&#8243; custom_padding=\u00bb16px|40px|16px|40px|true|true\u00bb global_colors_info=\u00bb{}\u00bb][\/et_pb_button][et_pb_button button_url=\u00bbhttps:\/\/forms.gle\/tJnjvmk7NV9XcBQq5&#8243; button_text=\u00bbTest de Bienestar (rellenar 1 consulta)\u00bb _builder_version=\u00bb4.27.2&#8243; _module_preset=\u00bb4449fc3b-b2e1-457d-bd50-c55d5be30f46&#8243; custom_button=\u00bbon\u00bb button_text_size=\u00bb14px\u00bb button_text_color=\u00bb#FFFFFF\u00bb button_bg_color=\u00bb#000000&#8243; button_border_width=\u00bb0px\u00bb button_border_radius=\u00bb50px\u00bb button_letter_spacing=\u00bb2px\u00bb button_font=\u00bbJosefin Sans|700|||||||\u00bb button_icon=\u00bb&#x24;||divi||400&#8243; custom_padding=\u00bb16px|40px|16px|40px|true|true\u00bb global_colors_info=\u00bb{}\u00bb][\/et_pb_button][\/et_pb_column][et_pb_column type=\u00bb1_2&#8243; _builder_version=\u00bb4.16&#8243; _module_preset=\u00bbdefault\u00bb global_colors_info=\u00bb{}\u00bb][et_pb_image src=\u00bbhttps:\/\/malware.dev.sebascodes.net\/wp-content\/uploads\/2021\/07\/estate-planning-10.png\u00bb title_text=\u00bbestate-planning-10&#8243; align=\u00bbright\u00bb align_tablet=\u00bbcenter\u00bb align_phone=\u00bb\u00bb align_last_edited=\u00bbon|tablet\u00bb _builder_version=\u00bb4.16&#8243; _module_preset=\u00bbdefault\u00bb custom_margin=\u00bb-40%||||false|false\u00bb global_colors_info=\u00bb{}\u00bb][\/et_pb_image][et_pb_image src=\u00bbhttps:\/\/malware.dev.sebascodes.net\/wp-content\/uploads\/2021\/07\/estate-planning-09.png\u00bb title_text=\u00bbestate-planning-09&#8243; align=\u00bbright\u00bb align_tablet=\u00bbcenter\u00bb align_phone=\u00bb\u00bb align_last_edited=\u00bbon|tablet\u00bb _builder_version=\u00bb4.16&#8243; _module_preset=\u00bbdefault\u00bb custom_margin=\u00bb-40%||||false|false\u00bb global_colors_info=\u00bb{}\u00bb][\/et_pb_image][et_pb_image src=\u00bbhttps:\/\/malware.dev.sebascodes.net\/wp-content\/uploads\/2021\/07\/estate-planning-53.png\u00bb title_text=\u00bbestate-planning-53&#8243; align=\u00bbright\u00bb align_tablet=\u00bbcenter\u00bb align_phone=\u00bb\u00bb align_last_edited=\u00bbon|tablet\u00bb _builder_version=\u00bb4.16&#8243; _module_preset=\u00bbdefault\u00bb custom_margin=\u00bb-40%||-24%||false|false\u00bb global_colors_info=\u00bb{}\u00bb][\/et_pb_image][\/et_pb_column][\/et_pb_row][\/et_pb_section][et_pb_section fb_built=\u00bb1&#8243; admin_label=\u00bbTestimonials\u00bb _builder_version=\u00bb4.16&#8243; _module_preset=\u00bbdefault\u00bb background_color=\u00bb#E8E8E9&#8243; background_image=\u00bbhttps:\/\/malware.dev.sebascodes.net\/wp-content\/uploads\/2021\/07\/estate-planning-24.png\u00bb background_size=\u00bbcontain\u00bb custom_padding=\u00bb0px|||||\u00bb global_colors_info=\u00bb{}\u00bb][et_pb_row _builder_version=\u00bb4.16&#8243; _module_preset=\u00bbdefault\u00bb max_width=\u00bb900px\u00bb global_colors_info=\u00bb{}\u00bb][et_pb_column type=\u00bb4_4&#8243; _builder_version=\u00bb4.16&#8243; _module_preset=\u00bbdefault\u00bb global_colors_info=\u00bb{}\u00bb][et_pb_text _builder_version=\u00bb4.21.0&#8243; _module_preset=\u00bb90865f4d-2cce-42a7-b40e-d3fbad25605a\u00bb header_2_font=\u00bbDM Serif Display||||||||\u00bb header_2_text_color=\u00bb#000000&#8243; header_2_font_size=\u00bb48px\u00bb header_2_line_height=\u00bb1.2em\u00bb text_orientation=\u00bbcenter\u00bb custom_margin=\u00bb||10px||false|false\u00bb header_2_font_size_tablet=\u00bb32px\u00bb header_2_font_size_phone=\u00bb20px\u00bb header_2_font_size_last_edited=\u00bbon|phone\u00bb locked=\u00bboff\u00bb global_colors_info=\u00bb{}\u00bb]<\/p>\n<h2>Sobre M\u00ed &#8211; Roc\u00edo Villegas<\/h2>\n<p>[\/et_pb_text][et_pb_slider show_arrows=\u00bboff\u00bb dot_nav_custom_color=\u00bb#000000&#8243; _builder_version=\u00bb4.27.2&#8243; _module_preset=\u00bbdefault\u00bb header_font=\u00bbJosefin Sans|500|||||||\u00bb header_text_color=\u00bb#000000&#8243; header_font_size=\u00bb18px\u00bb header_line_height=\u00bb1.8em\u00bb body_font=\u00bbJosefin Sans||||||||\u00bb body_text_color=\u00bb#000000&#8243; body_font_size=\u00bb16px\u00bb body_line_height=\u00bb1.8em\u00bb background_color=\u00bb#FFFFFF\u00bb header_font_size_tablet=\u00bb16px\u00bb header_font_size_phone=\u00bb14px\u00bb header_font_size_last_edited=\u00bbon|tablet\u00bb body_font_size_tablet=\u00bb15px\u00bb body_font_size_phone=\u00bb14px\u00bb body_font_size_last_edited=\u00bbon|desktop\u00bb header_text_shadow_style=\u00bbpreset4&#8243; header_text_shadow_vertical_length=\u00bb0em\u00bb header_text_shadow_color=\u00bbRGBA(0,0,0,0)\u00bb body_text_shadow_style=\u00bbpreset4&#8243; body_text_shadow_vertical_length=\u00bb0em\u00bb box_shadow_style=\u00bbpreset2&#8243; box_shadow_horizontal=\u00bb0px\u00bb box_shadow_vertical=\u00bb15px\u00bb box_shadow_blur=\u00bb60px\u00bb box_shadow_color=\u00bbrgba(0,0,0,0.1)\u00bb global_colors_info=\u00bb{}\u00bb][et_pb_slide heading=\u00bbTerapeuta Sist\u00e9mica y transpersonal. \u00bb _builder_version=\u00bb4.27.2&#8243; _module_preset=\u00bbdefault\u00bb global_colors_info=\u00bb{}\u00bb sticky_transition=\u00bbon\u00bb]<\/p>\n<p>Roc\u00edo Villegas. Terapeuta Sist\u00e9mica y transpersonal. Consteladora, Formadora, investigadora. Especializada en Salud sist\u00e9mica y ciencias del bienestar. Gesti\u00f3n emocional, trabajo corporal y movimiento, acompa\u00f1amiento en procesos gestaci\u00f3n, bienestar de las personas cuidadoras, enfermedad, trauma y duelos. Conocimiento de vida. Creadora de la Formaci\u00f3n de Yoga Ayurveda Sist\u00e9mico.<\/p>\n<p>&nbsp;<\/p>\n<p>[\/et_pb_slide][et_pb_slide heading=\u00bbTerapeuta Sist\u00e9mica y transpersonal. \u00bb _builder_version=\u00bb4.27.0&#8243; _module_preset=\u00bbdefault\u00bb global_colors_info=\u00bb{}\u00bb sticky_transition=\u00bbon\u00bb]<\/p>\n<p>\u2022 Terapia individual y grupal.<\/p>\n<p>\u2022 Facilitadora de constelaciones familiares y movimientos sist\u00e9micos.<\/p>\n<p>\u2022 Salud y Bienestar sist\u00e9mico y hol\u00edstico.<\/p>\n<p>\u2022 Creadora y docente Formaci\u00f3n Yoga Ayurveda sist\u00e9mico.<\/p>\n<p>\u2022 Herramientas para familias con personas dependientes.<\/p>\n<p>\u2022 Acompa\u00f1amiento en procesos de duelo.<\/p>\n<p>&nbsp;<\/p>\n<p>[\/et_pb_slide][et_pb_slide heading=\u00bbCreadora y docente Formaci\u00f3n Yoga Ayurveda sist\u00e9mico.  Yoga terap\u00e9utico. Mindfulness. \u00bb _builder_version=\u00bb4.27.0&#8243; _module_preset=\u00bbdefault\u00bb global_colors_info=\u00bb{}\u00bb sticky_transition=\u00bbon\u00bb]<\/p>\n<p class=\"p1\"><span class=\"s1\">\u2014 Creadora y docente Formaci\u00f3n Yoga Ayurveda sist\u00e9mico.<\/span><\/p>\n<p>[\/et_pb_slide][\/et_pb_slider][\/et_pb_column][\/et_pb_row][et_pb_row _builder_version=\u00bb4.21.0&#8243; _module_preset=\u00bbdefault\u00bb global_colors_info=\u00bb{}\u00bb][et_pb_column type=\u00bb4_4&#8243; _builder_version=\u00bb4.21.0&#8243; _module_preset=\u00bbdefault\u00bb global_colors_info=\u00bb{}\u00bb][\/et_pb_column][\/et_pb_row][\/et_pb_section][et_pb_section fb_built=\u00bb1&#8243; admin_label=\u00bbCTA\u00bb _builder_version=\u00bb4.16&#8243; _module_preset=\u00bbdefault\u00bb background_color=\u00bb#E8E8E9&#8243; global_colors_info=\u00bb{}\u00bb][\/et_pb_section][et_pb_section fb_built=\u00bb1&#8243; _builder_version=\u00bb4.27.0&#8243; _module_preset=\u00bbdefault\u00bb global_colors_info=\u00bb{}\u00bb][\/et_pb_section]<\/p>\n","protected":false},"excerpt":{"rendered":"<p>Actividades Roc\u00edo&#8230;<\/p>\n","protected":false},"author":1,"featured_media":0,"parent":0,"menu_order":0,"comment_status":"closed","ping_status":"closed","template":"page-fullwidth-content.php","meta":{"_et_pb_use_builder":"on","_et_pb_old_content":"","_et_gb_content_width":"","_monsterinsights_skip_tracking":false,"_monsterinsights_sitenote_active":false,"_monsterinsights_sitenote_note":"","_monsterinsights_sitenote_category":0,"_joinchat":[],"footnotes":""},"class_list":["post-13718","page","type-page","status-publish","hentry"],"aioseo_notices":[],"_links":{"self":[{"href":"https:\/\/malware.dev.sebascodes.net\/index.php?rest_route=\/wp\/v2\/pages\/13718","targetHints":{"allow":["GET"]}}],"collection":[{"href":"https:\/\/malware.dev.sebascodes.net\/index.php?rest_route=\/wp\/v2\/pages"}],"about":[{"href":"https:\/\/malware.dev.sebascodes.net\/index.php?rest_route=\/wp\/v2\/types\/page"}],"author":[{"embeddable":true,"href":"https:\/\/malware.dev.sebascodes.net\/index.php?rest_route=\/wp\/v2\/users\/1"}],"replies":[{"embeddable":true,"href":"https:\/\/malware.dev.sebascodes.net\/index.php?rest_route=%2Fwp%2Fv2%2Fcomments&post=13718"}],"version-history":[{"count":10,"href":"https:\/\/malware.dev.sebascodes.net\/index.php?rest_route=\/wp\/v2\/pages\/13718\/revisions"}],"predecessor-version":[{"id":16569,"href":"https:\/\/malware.dev.sebascodes.net\/index.php?rest_route=\/wp\/v2\/pages\/13718\/revisions\/16569"}],"wp:attachment":[{"href":"https:\/\/malware.dev.sebascodes.net\/index.php?rest_route=%2Fwp%2Fv2%2Fmedia&parent=13718"}],"curies":[{"name":"wp","href":"https:\/\/api.w.org\/{rel}","templated":true}]}}