{"id":1308,"date":"2020-05-30T12:16:04","date_gmt":"2020-05-30T10:16:04","guid":{"rendered":"https:\/\/malware.dev.sebascodes.net\/?page_id=1308"},"modified":"2026-02-03T19:01:32","modified_gmt":"2026-02-03T18:01:32","slug":"contacto","status":"publish","type":"page","link":"https:\/\/malware.dev.sebascodes.net\/?page_id=1308","title":{"rendered":"Contacto"},"content":{"rendered":"\n<h3 class=\"wp-block-heading\">CONTACTO<\/h3>\n\n\n\n<p>Puedes contactar con nosotros a trav\u00e9s de lo siguientes canales:<\/p>\n\n\n\n<h3 class=\"wp-block-heading\">(+34) 658 65 07 25<\/h3>\n\n\n\n<figure class=\"wp-block-image size-large is-resized\"><a href=\"https:\/\/api.whatsapp.com\/send?phone=34656717957\"><img loading=\"lazy\" decoding=\"async\" width=\"1024\" height=\"576\" src=\"https:\/\/malware.dev.sebascodes.net\/wp-content\/uploads\/2021\/08\/WhatsApp-logo-1024x576.jpg\" alt=\"\" class=\"wp-image-2846\" style=\"width:90px;height:51px\" srcset=\"https:\/\/malware.dev.sebascodes.net\/wp-content\/uploads\/2021\/08\/WhatsApp-logo-1024x576.jpg 1024w, https:\/\/malware.dev.sebascodes.net\/wp-content\/uploads\/2021\/08\/WhatsApp-logo-300x169.jpg 300w, https:\/\/malware.dev.sebascodes.net\/wp-content\/uploads\/2021\/08\/WhatsApp-logo-scaled-600x338.jpg 600w, https:\/\/malware.dev.sebascodes.net\/wp-content\/uploads\/2021\/08\/WhatsApp-logo-768x432.jpg 768w, https:\/\/malware.dev.sebascodes.net\/wp-content\/uploads\/2021\/08\/WhatsApp-logo-1536x864.jpg 1536w, https:\/\/malware.dev.sebascodes.net\/wp-content\/uploads\/2021\/08\/WhatsApp-logo-2048x1152.jpg 2048w, https:\/\/malware.dev.sebascodes.net\/wp-content\/uploads\/2021\/08\/WhatsApp-logo-1080x608.jpg 1080w, https:\/\/malware.dev.sebascodes.net\/wp-content\/uploads\/2021\/08\/WhatsApp-logo-624x351.jpg 624w\" sizes=\"(max-width: 1024px) 100vw, 1024px\" \/><\/a><figcaption class=\"wp-element-caption\"><strong><a href=\"https:\/\/api.whatsapp.com\/send?phone=34675793116\" title=\"\">Co<\/a><a href=\"https:\/\/wa.me\/34658650725\" target=\"_blank\" rel=\"noopener\" title=\"ntacto directo por WhatsApp\">ntacto directo por WhatsApp<\/a><\/strong><\/figcaption><\/figure>\n\n\n\n<figure class=\"wp-block-image size-full\"><img loading=\"lazy\" decoding=\"async\" width=\"213\" height=\"37\" src=\"https:\/\/malware.dev.sebascodes.net\/wp-content\/uploads\/2025\/07\/Captura-de-pantalla-2025-07-29-122909.jpg\" alt=\"\" class=\"wp-image-15984\"\/><\/figure>\n\n\n\n<h3 class=\"wp-block-heading\">c\/ Sardenya 229, piso 2-3\u00ba &#8211; Barcelona<\/h3>\n\n\n\n<h3 class=\"wp-block-heading\"><\/h3>\n\n\n\n<iframe src=\"https:\/\/www.google.com\/maps\/embed?pb=!1m18!1m12!1m3!1d2992.794293941789!2d2.1748828156525706!3d41.400273479262914!2m3!1f0!2f0!3f0!3m2!1i1024!2i768!4f13.1!3m3!1m2!1s0x12a4a2a354e7d3a7%3A0xaca754aef615f628!2sJOAN%20CORBAL%C3%81N!5e0!3m2!1ses!2ses!4v1632474582269!5m2!1ses!2ses\" width=\"600\" height=\"450\" style=\"border:0;\" allowfullscreen=\"\" loading=\"lazy\"><\/iframe>\n\n\n\n<p><em><small>En cumplimiento de lo dispuesto en la Ley Org\u00e1nica 15\/1999, del 13 de diciembre de Protecci\u00f3n de Datos de Car\u00e1cter Personal, le informamos de que los datos que voluntariamente incluya en este formulario formar\u00e1n parte de un fichero, titularidad de Joan Corbal\u00e1n y ser\u00e1n tratados con la finalidad de gestionar los datos de los contactos de la p\u00e1gina Web, as\u00ed como para mantenerle informado sobre cuestiones relativas a nuestra actividad y servicios. En cualquier momento podr\u00e1 revocar el consentimiento prestado, as\u00ed como ejercitar los derechos de acceso, rectificaci\u00f3n, oposici\u00f3n y cancelaci\u00f3n recogidos en el art\u00edculo 5.1 de la LOPD, a la direcci\u00f3n de correo electr\u00f3nico indicada arriba Muchas gracias.<\/small><\/em><\/p>\n\n\n\n<p><a href=\"https:\/\/joancorbalan.com\/politica-de-privacidad-y-proteccion-de-datos\/\" target=\"_blank\" rel=\"noreferrer noopener\">Nuestra pol\u00edtica de Privacidad<\/a><\/p>\n","protected":false},"excerpt":{"rendered":"<p>CONTACTO Puedes contactar con nosotros a trav\u00e9s de lo siguientes canales: (+34) 658 65 07 25 c\/ Sardenya 229, piso 2-3\u00ba &#8211; Barcelona En cumplimiento&hellip;<\/p>\n","protected":false},"author":1,"featured_media":0,"parent":0,"menu_order":0,"comment_status":"closed","ping_status":"closed","template":"","meta":{"_et_pb_use_builder":"","_et_pb_old_content":"","_et_gb_content_width":"","_monsterinsights_skip_tracking":false,"_monsterinsights_sitenote_active":false,"_monsterinsights_sitenote_note":"","_monsterinsights_sitenote_category":0,"_joinchat":[],"footnotes":""},"class_list":["post-1308","page","type-page","status-publish","hentry"],"aioseo_notices":[],"_links":{"self":[{"href":"https:\/\/malware.dev.sebascodes.net\/index.php?rest_route=\/wp\/v2\/pages\/1308","targetHints":{"allow":["GET"]}}],"collection":[{"href":"https:\/\/malware.dev.sebascodes.net\/index.php?rest_route=\/wp\/v2\/pages"}],"about":[{"href":"https:\/\/malware.dev.sebascodes.net\/index.php?rest_route=\/wp\/v2\/types\/page"}],"author":[{"embeddable":true,"href":"https:\/\/malware.dev.sebascodes.net\/index.php?rest_route=\/wp\/v2\/users\/1"}],"replies":[{"embeddable":true,"href":"https:\/\/malware.dev.sebascodes.net\/index.php?rest_route=%2Fwp%2Fv2%2Fcomments&post=1308"}],"version-history":[{"count":12,"href":"https:\/\/malware.dev.sebascodes.net\/index.php?rest_route=\/wp\/v2\/pages\/1308\/revisions"}],"predecessor-version":[{"id":16694,"href":"https:\/\/malware.dev.sebascodes.net\/index.php?rest_route=\/wp\/v2\/pages\/1308\/revisions\/16694"}],"wp:attachment":[{"href":"https:\/\/malware.dev.sebascodes.net\/index.php?rest_route=%2Fwp%2Fv2%2Fmedia&parent=1308"}],"curies":[{"name":"wp","href":"https:\/\/api.w.org\/{rel}","templated":true}]}}